{"id":4650,"date":"2024-07-23T08:10:23","date_gmt":"2024-07-23T08:10:23","guid":{"rendered":"https:\/\/educap.io\/?page_id=4650"},"modified":"2024-07-23T08:38:10","modified_gmt":"2024-07-23T08:38:10","slug":"logiciel-scolaire-pour-les-professeurs","status":"publish","type":"page","link":"https:\/\/educap.io\/fr_fr\/outils-scolaires\/logiciel-scolaire\/logiciel-scolaire-pour-les-professeurs\/","title":{"rendered":"Les logiciels scolaires pour les professeurs"},"content":{"rendered":"\t\t<div data-elementor-type=\"wp-page\" data-elementor-id=\"4650\" class=\"elementor elementor-4650\" data-elementor-post-type=\"page\">\n\t\t\t\t\t\t<section class=\"elementor-section elementor-top-section elementor-element elementor-element-8ba9727 elementor-section-boxed elementor-section-height-default elementor-section-height-default\" data-id=\"8ba9727\" data-element_type=\"section\" data-settings=\"{&quot;background_background&quot;:&quot;gradient&quot;}\">\n\t\t\t\t\t\t<div class=\"elementor-container elementor-column-gap-default\">\n\t\t\t\t\t<div class=\"elementor-column elementor-col-100 elementor-top-column elementor-element elementor-element-1aee292\" data-id=\"1aee292\" data-element_type=\"column\">\n\t\t\t<div class=\"elementor-widget-wrap elementor-element-populated\">\n\t\t\t\t\t\t<div class=\"elementor-element elementor-element-30ece14 elementor-widget__width-initial elementor-widget elementor-widget-heading\" data-id=\"30ece14\" data-element_type=\"widget\" data-widget_type=\"heading.default\">\n\t\t\t\t<div class=\"elementor-widget-container\">\n\t\t\t\t\t<h1 class=\"elementor-heading-title elementor-size-default\"><div class=\"elementor-element elementor-element-7cd4608b elementor-widget elementor-widget-theme-post-title elementor-page-title elementor-widget-heading\" style=\"flex-basis: var(--flex-basis);flex-grow: var(--flex-grow);flex-shrink: var(--flex-shrink);align-self: var(--align-self);flex-direction: var(--flex-direction);flex-wrap: var(--flex-wrap);justify-content: var(--justify-content);align-items: var(--align-items);align-content: var(--align-content);gap: var(--gap);--swiper-theme-color: #000;--swiper-navigation-size: 44px;--swiper-pagination-bullet-size: 6px;--swiper-pagination-bullet-horizontal-gap: 6px;--widgets-spacing: 20px 20px;width: 930px;font-size: 16px;font-weight: 400\"><div class=\"elementor-widget-container\"><h1 class=\"elementor-heading-title elementor-size-default\" style=\"line-height: 50px;font-size: 42px;letter-spacing: -1px\">Logiciel scolaire pour les professeurs\n<\/h1><\/div><\/div><\/h1>\t\t\t\t<\/div>\n\t\t\t\t<\/div>\n\t\t\t\t\t<\/div>\n\t\t<\/div>\n\t\t\t\t\t<\/div>\n\t\t<\/section>\n\t\t\t\t<section class=\"elementor-section elementor-top-section elementor-element elementor-element-9492ee8 elementor-section-boxed elementor-section-height-default elementor-section-height-default\" data-id=\"9492ee8\" data-element_type=\"section\">\n\t\t\t\t\t\t<div class=\"elementor-container elementor-column-gap-default\">\n\t\t\t\t\t<div class=\"elementor-column elementor-col-100 elementor-top-column elementor-element elementor-element-8b8a591\" data-id=\"8b8a591\" data-element_type=\"column\">\n\t\t\t<div class=\"elementor-widget-wrap elementor-element-populated\">\n\t\t\t\t\t\t<div class=\"elementor-element elementor-element-2526571 elementor-widget elementor-widget-heading\" data-id=\"2526571\" data-element_type=\"widget\" data-widget_type=\"heading.default\">\n\t\t\t\t<div class=\"elementor-widget-container\">\n\t\t\t\t\t<h3 class=\"elementor-heading-title elementor-size-default\">Logiciels scolaires pour les professeurs : Une r\u00e9volution dans l'enseignement moderne<\/h3>\t\t\t\t<\/div>\n\t\t\t\t<\/div>\n\t\t\t\t\t<\/div>\n\t\t<\/div>\n\t\t\t\t\t<\/div>\n\t\t<\/section>\n\t\t\t\t<section class=\"elementor-section elementor-top-section elementor-element elementor-element-b59580b elementor-section-boxed elementor-section-height-default elementor-section-height-default\" data-id=\"b59580b\" data-element_type=\"section\">\n\t\t\t\t\t\t<div class=\"elementor-container elementor-column-gap-default\">\n\t\t\t\t\t<div class=\"elementor-column elementor-col-100 elementor-top-column elementor-element elementor-element-4bac4dd\" data-id=\"4bac4dd\" data-element_type=\"column\">\n\t\t\t<div class=\"elementor-widget-wrap elementor-element-populated\">\n\t\t\t\t\t\t<div class=\"elementor-element elementor-element-63bc587 elementor-widget elementor-widget-text-editor\" data-id=\"63bc587\" data-element_type=\"widget\" data-widget_type=\"text-editor.default\">\n\t\t\t\t<div class=\"elementor-widget-container\">\n\t\t\t\t\t\t\t\t\t<p>Dans le monde \u00e9ducatif en constante \u00e9volution, les logiciels scolaires pour les professeurs deviennent des outils indispensables. Ces technologies facilitent non seulement le travail des enseignants, mais elles am\u00e9liorent \u00e9galement l&rsquo;exp\u00e9rience d&rsquo;apprentissage des \u00e9l\u00e8ves. Cet article explore les avantages des logiciels scolaires, les fonctionnalit\u00e9s cl\u00e9s \u00e0 rechercher et des conseils pour choisir le meilleur outil pour vos besoins.<\/p>\t\t\t\t\t\t\t\t<\/div>\n\t\t\t\t<\/div>\n\t\t\t\t\t<\/div>\n\t\t<\/div>\n\t\t\t\t\t<\/div>\n\t\t<\/section>\n\t\t\t\t<section class=\"elementor-section elementor-top-section elementor-element elementor-element-3d8cb0e elementor-section-boxed elementor-section-height-default elementor-section-height-default\" data-id=\"3d8cb0e\" data-element_type=\"section\">\n\t\t\t\t\t\t<div class=\"elementor-container elementor-column-gap-default\">\n\t\t\t\t\t<div class=\"elementor-column elementor-col-100 elementor-top-column elementor-element elementor-element-daab26c\" data-id=\"daab26c\" data-element_type=\"column\">\n\t\t\t<div class=\"elementor-widget-wrap elementor-element-populated\">\n\t\t\t\t\t\t<div class=\"elementor-element elementor-element-1f3f224 elementor-widget elementor-widget-heading\" data-id=\"1f3f224\" data-element_type=\"widget\" data-widget_type=\"heading.default\">\n\t\t\t\t<div class=\"elementor-widget-container\">\n\t\t\t\t\t<h4 class=\"elementor-heading-title elementor-size-default\">1. Pourquoi utiliser un logiciel scolaire ?<\/h4>\t\t\t\t<\/div>\n\t\t\t\t<\/div>\n\t\t\t\t\t<\/div>\n\t\t<\/div>\n\t\t\t\t\t<\/div>\n\t\t<\/section>\n\t\t\t\t<section class=\"elementor-section elementor-top-section elementor-element elementor-element-4187a88 elementor-section-boxed elementor-section-height-default elementor-section-height-default\" data-id=\"4187a88\" data-element_type=\"section\">\n\t\t\t\t\t\t<div class=\"elementor-container elementor-column-gap-default\">\n\t\t\t\t\t<div class=\"elementor-column elementor-col-100 elementor-top-column elementor-element elementor-element-9cc11fb\" data-id=\"9cc11fb\" data-element_type=\"column\">\n\t\t\t<div class=\"elementor-widget-wrap elementor-element-populated\">\n\t\t\t\t\t\t<div class=\"elementor-element elementor-element-9c0a70a elementor-widget elementor-widget-text-editor\" data-id=\"9c0a70a\" data-element_type=\"widget\" data-widget_type=\"text-editor.default\">\n\t\t\t\t<div class=\"elementor-widget-container\">\n\t\t\t\t\t\t\t\t\t<p><\/p><p><strong>Optimisation du temps<\/strong> : Les logiciels scolaires automatisent de nombreuses t\u00e2ches administratives, permettant aux professeurs de se concentrer davantage sur l&rsquo;enseignement. La gestion des notes, l&rsquo;organisation des cours, et la communication avec les parents deviennent des processus beaucoup plus fluides.<\/p><p> <\/p><p><strong>Am\u00e9lioration de la communication<\/strong> : Les plateformes \u00e9ducatives facilitent la communication entre enseignants, \u00e9l\u00e8ves et parents. Les annonces importantes, les devoirs et les mises \u00e0 jour de performance peuvent \u00eatre partag\u00e9s instantan\u00e9ment.<\/p><p> <\/p><p><strong>Personnalisation de l&rsquo;apprentissage<\/strong> : Gr\u00e2ce \u00e0 l&rsquo;analyse des donn\u00e9es, les logiciels scolaires permettent une approche p\u00e9dagogique plus personnalis\u00e9e. Les enseignants peuvent adapter les cours en fonction des besoins individuels des \u00e9l\u00e8ves.<\/p><p><\/p>\t\t\t\t\t\t\t\t<\/div>\n\t\t\t\t<\/div>\n\t\t\t\t\t<\/div>\n\t\t<\/div>\n\t\t\t\t\t<\/div>\n\t\t<\/section>\n\t\t\t\t<section class=\"elementor-section elementor-top-section elementor-element elementor-element-666a9c4 elementor-section-boxed elementor-section-height-default elementor-section-height-default\" data-id=\"666a9c4\" data-element_type=\"section\">\n\t\t\t\t\t\t<div class=\"elementor-container elementor-column-gap-default\">\n\t\t\t\t\t<div class=\"elementor-column elementor-col-100 elementor-top-column elementor-element elementor-element-ae172c2\" data-id=\"ae172c2\" data-element_type=\"column\">\n\t\t\t<div class=\"elementor-widget-wrap elementor-element-populated\">\n\t\t\t\t\t\t<div class=\"elementor-element elementor-element-553f6ba elementor-widget elementor-widget-heading\" data-id=\"553f6ba\" data-element_type=\"widget\" data-widget_type=\"heading.default\">\n\t\t\t\t<div class=\"elementor-widget-container\">\n\t\t\t\t\t<h4 class=\"elementor-heading-title elementor-size-default\">2. Fonctionnalit\u00e9s cl\u00e9s d'un bon logiciel scolaire<\/h4>\t\t\t\t<\/div>\n\t\t\t\t<\/div>\n\t\t\t\t\t<\/div>\n\t\t<\/div>\n\t\t\t\t\t<\/div>\n\t\t<\/section>\n\t\t\t\t<section class=\"elementor-section elementor-top-section elementor-element elementor-element-b1517ad elementor-section-boxed elementor-section-height-default elementor-section-height-default\" data-id=\"b1517ad\" data-element_type=\"section\">\n\t\t\t\t\t\t<div class=\"elementor-container elementor-column-gap-default\">\n\t\t\t\t\t<div class=\"elementor-column elementor-col-100 elementor-top-column elementor-element elementor-element-4ca9aea\" data-id=\"4ca9aea\" data-element_type=\"column\">\n\t\t\t<div class=\"elementor-widget-wrap elementor-element-populated\">\n\t\t\t\t\t\t<div class=\"elementor-element elementor-element-ce8c779 elementor-widget elementor-widget-text-editor\" data-id=\"ce8c779\" data-element_type=\"widget\" data-widget_type=\"text-editor.default\">\n\t\t\t\t<div class=\"elementor-widget-container\">\n\t\t\t\t\t\t\t\t\t<p><\/p><p><strong>Gestion des notes et des \u00e9valuations<\/strong> : Un bon logiciel doit permettre une saisie rapide et facile des notes, ainsi que la g\u00e9n\u00e9ration de rapports d\u00e9taill\u00e9s sur les performances des \u00e9l\u00e8ves.<\/p><p> <\/p><p><strong>Planification des cours<\/strong> : La possibilit\u00e9 de cr\u00e9er, modifier et partager des plans de cours est essentielle. Certains logiciels offrent m\u00eame des ressources p\u00e9dagogiques pr\u00eates \u00e0 l&#8217;emploi.<\/p><p> <\/p><p><strong>Communication int\u00e9gr\u00e9e<\/strong> : La messagerie instantan\u00e9e, les notifications par e-mail et les forums de discussion sont des fonctionnalit\u00e9s utiles pour maintenir une communication fluide.<\/p><p> <\/p><p><strong>Analyse des performances<\/strong> : Les outils d&rsquo;analyse des performances aident \u00e0 identifier les tendances et les besoins sp\u00e9cifiques des \u00e9l\u00e8ves, permettant une intervention rapide et efficace.<\/p><p> <\/p><p><strong>Compatibilit\u00e9 et int\u00e9gration<\/strong> : Le logiciel doit \u00eatre compatible avec d&rsquo;autres outils \u00e9ducatifs et syst\u00e8mes d&rsquo;information de l&rsquo;\u00e9cole.<\/p><p><\/p>\t\t\t\t\t\t\t\t<\/div>\n\t\t\t\t<\/div>\n\t\t\t\t\t<\/div>\n\t\t<\/div>\n\t\t\t\t\t<\/div>\n\t\t<\/section>\n\t\t\t\t<section class=\"elementor-section elementor-top-section elementor-element elementor-element-a1c0768 elementor-section-boxed elementor-section-height-default elementor-section-height-default\" data-id=\"a1c0768\" data-element_type=\"section\">\n\t\t\t\t\t\t<div class=\"elementor-container elementor-column-gap-default\">\n\t\t\t\t\t<div class=\"elementor-column elementor-col-100 elementor-top-column elementor-element elementor-element-6087c6b\" data-id=\"6087c6b\" data-element_type=\"column\">\n\t\t\t<div class=\"elementor-widget-wrap elementor-element-populated\">\n\t\t\t\t\t\t<div class=\"elementor-element elementor-element-f96cdb2 elementor-widget elementor-widget-heading\" data-id=\"f96cdb2\" data-element_type=\"widget\" data-widget_type=\"heading.default\">\n\t\t\t\t<div class=\"elementor-widget-container\">\n\t\t\t\t\t<h4 class=\"elementor-heading-title elementor-size-default\">3. Comment choisir le meilleur logiciel scolaire ?<\/h4>\t\t\t\t<\/div>\n\t\t\t\t<\/div>\n\t\t\t\t\t<\/div>\n\t\t<\/div>\n\t\t\t\t\t<\/div>\n\t\t<\/section>\n\t\t\t\t<section class=\"elementor-section elementor-top-section elementor-element elementor-element-9c4fc21 elementor-section-boxed elementor-section-height-default elementor-section-height-default\" data-id=\"9c4fc21\" data-element_type=\"section\">\n\t\t\t\t\t\t<div class=\"elementor-container elementor-column-gap-default\">\n\t\t\t\t\t<div class=\"elementor-column elementor-col-100 elementor-top-column elementor-element elementor-element-272b967\" data-id=\"272b967\" data-element_type=\"column\">\n\t\t\t<div class=\"elementor-widget-wrap elementor-element-populated\">\n\t\t\t\t\t\t<div class=\"elementor-element elementor-element-3c4344d elementor-widget elementor-widget-text-editor\" data-id=\"3c4344d\" data-element_type=\"widget\" data-widget_type=\"text-editor.default\">\n\t\t\t\t<div class=\"elementor-widget-container\">\n\t\t\t\t\t\t\t\t\t<p><\/p><p><strong>D\u00e9finir vos besoins<\/strong> : Avant de choisir un logiciel, il est crucial de d\u00e9terminer vos besoins sp\u00e9cifiques. Faites une liste des fonctionnalit\u00e9s indispensables pour votre \u00e9tablissement.<\/p><p> <\/p><p><strong>Essayer des d\u00e9monstrations<\/strong> : Profitez des p\u00e9riodes d&rsquo;essai gratuites pour tester plusieurs logiciels. Cela vous permettra de voir lequel s&rsquo;adapte le mieux \u00e0 vos pratiques p\u00e9dagogiques.<\/p><p> <\/p><p><strong>Lire des avis et des t\u00e9moignages<\/strong> : Consultez les avis d&rsquo;autres professeurs et \u00e9tablissements qui utilisent le logiciel. Les retours d&rsquo;exp\u00e9rience sont souvent tr\u00e8s r\u00e9v\u00e9lateurs.<\/p><p> <\/p><p><strong>Consid\u00e9rer le support technique<\/strong> : Assurez-vous que le fournisseur propose un support technique fiable et r\u00e9actif. Une bonne assistance peut faire toute la diff\u00e9rence en cas de probl\u00e8me.<\/p><p> <\/p><p><strong>\u00c9valuer le co\u00fbt<\/strong> : Comparez les co\u00fbts des diff\u00e9rentes solutions, en tenant compte des fonctionnalit\u00e9s offertes et de votre budget. Parfois, un investissement initial plus \u00e9lev\u00e9 peut s&rsquo;av\u00e9rer rentable \u00e0 long terme.<\/p><p><\/p>\t\t\t\t\t\t\t\t<\/div>\n\t\t\t\t<\/div>\n\t\t\t\t\t<\/div>\n\t\t<\/div>\n\t\t\t\t\t<\/div>\n\t\t<\/section>\n\t\t\t\t<section class=\"elementor-section elementor-top-section elementor-element elementor-element-12f2fde elementor-section-boxed elementor-section-height-default elementor-section-height-default\" data-id=\"12f2fde\" data-element_type=\"section\">\n\t\t\t\t\t\t<div class=\"elementor-container elementor-column-gap-default\">\n\t\t\t\t\t<div class=\"elementor-column elementor-col-100 elementor-top-column elementor-element elementor-element-feb929e\" data-id=\"feb929e\" data-element_type=\"column\">\n\t\t\t<div class=\"elementor-widget-wrap elementor-element-populated\">\n\t\t\t\t\t\t<div class=\"elementor-element elementor-element-a64cf05 elementor-widget elementor-widget-heading\" data-id=\"a64cf05\" data-element_type=\"widget\" data-widget_type=\"heading.default\">\n\t\t\t\t<div class=\"elementor-widget-container\">\n\t\t\t\t\t<h4 class=\"elementor-heading-title elementor-size-default\">Conclusion<\/h4>\t\t\t\t<\/div>\n\t\t\t\t<\/div>\n\t\t\t\t\t<\/div>\n\t\t<\/div>\n\t\t\t\t\t<\/div>\n\t\t<\/section>\n\t\t\t\t<section class=\"elementor-section elementor-top-section elementor-element elementor-element-0c34da5 elementor-section-boxed elementor-section-height-default elementor-section-height-default\" data-id=\"0c34da5\" data-element_type=\"section\">\n\t\t\t\t\t\t<div class=\"elementor-container elementor-column-gap-default\">\n\t\t\t\t\t<div class=\"elementor-column elementor-col-100 elementor-top-column elementor-element elementor-element-ada8cac\" data-id=\"ada8cac\" data-element_type=\"column\">\n\t\t\t<div class=\"elementor-widget-wrap elementor-element-populated\">\n\t\t\t\t\t\t<div class=\"elementor-element elementor-element-0f4e2d1 elementor-widget elementor-widget-text-editor\" data-id=\"0f4e2d1\" data-element_type=\"widget\" data-widget_type=\"text-editor.default\">\n\t\t\t\t<div class=\"elementor-widget-container\">\n\t\t\t\t\t\t\t\t\t<p><\/p><p>Les logiciels scolaires pour les professeurs repr\u00e9sentent une avanc\u00e9e significative dans le domaine de l&rsquo;\u00e9ducation. En automatisant les t\u00e2ches administratives, en am\u00e9liorant la communication et en personnalisant l&rsquo;apprentissage, ces outils transforment la mani\u00e8re dont les enseignants travaillent et interagissent avec leurs \u00e9l\u00e8ves. Pour tirer le meilleur parti de ces technologies, il est crucial de choisir un logiciel qui r\u00e9pond pr\u00e9cis\u00e9ment \u00e0 vos besoins et ceux de votre \u00e9tablissement.<\/p><p> <\/p><p>En investissant dans un bon logiciel scolaire tels que <a href=\"http:\/\/educap.io\/\">educap.io<\/a>, les professeurs peuvent consacrer plus de temps \u00e0 ce qui compte vraiment : l&rsquo;\u00e9ducation et le d\u00e9veloppement des \u00e9l\u00e8ves.<\/p><p><\/p>\t\t\t\t\t\t\t\t<\/div>\n\t\t\t\t<\/div>\n\t\t\t\t\t<\/div>\n\t\t<\/div>\n\t\t\t\t\t<\/div>\n\t\t<\/section>\n\t\t\t\t<\/div>\n\t\t","protected":false},"excerpt":{"rendered":"<p>Logiciel scolaire pour les professeurs Logiciels scolaires pour les professeurs : Une r\u00e9volution dans l&rsquo;enseignement moderne Dans le monde \u00e9ducatif en constante \u00e9volution, les logiciels scolaires pour les professeurs deviennent des outils indispensables. Ces technologies facilitent non seulement le travail des enseignants, mais elles am\u00e9liorent \u00e9galement l&rsquo;exp\u00e9rience d&rsquo;apprentissage des \u00e9l\u00e8ves. Cet article explore les avantages [&hellip;]<\/p>\n","protected":false},"author":6,"featured_media":0,"parent":2718,"menu_order":0,"comment_status":"closed","ping_status":"closed","template":"elementor_header_footer","meta":{"footnotes":""},"class_list":["post-4650","page","type-page","status-publish","hentry"],"yoast_head":"<!-- This site is optimized with the Yoast SEO plugin v24.2 - https:\/\/yoast.com\/wordpress\/plugins\/seo\/ -->\n<title>Les logiciels scolaires pour les professeurs - Educap<\/title>\n<meta name=\"description\" content=\"D\u00e9couvrez comment les logiciels scolaires r\u00e9volutionnent l&#039;enseignement pour les professeurs. Explorez les avantages, les fonctionnalit\u00e9s cl\u00e9s et des conseils pour choisir le meilleur outil \u00e9ducatif. Am\u00e9liorez l&#039;organisation, la communication et l&#039;apprentissage avec des solutions adapt\u00e9es \u00e0 vos besoins\" \/>\n<meta name=\"robots\" content=\"index, follow, max-snippet:-1, max-image-preview:large, max-video-preview:-1\" \/>\n<link rel=\"canonical\" href=\"https:\/\/educap.io\/fr_fr\/outils-scolaires\/logiciel-scolaire\/logiciel-scolaire-pour-les-professeurs\/\" \/>\n<meta property=\"og:locale\" content=\"fr_FR\" \/>\n<meta property=\"og:type\" content=\"article\" \/>\n<meta property=\"og:title\" content=\"Les logiciels scolaires pour les professeurs - Educap\" \/>\n<meta property=\"og:description\" content=\"D\u00e9couvrez comment les logiciels scolaires r\u00e9volutionnent l&#039;enseignement pour les professeurs. Explorez les avantages, les fonctionnalit\u00e9s cl\u00e9s et des conseils pour choisir le meilleur outil \u00e9ducatif. Am\u00e9liorez l&#039;organisation, la communication et l&#039;apprentissage avec des solutions adapt\u00e9es \u00e0 vos besoins\" \/>\n<meta property=\"og:url\" content=\"https:\/\/educap.io\/fr_fr\/outils-scolaires\/logiciel-scolaire\/logiciel-scolaire-pour-les-professeurs\/\" \/>\n<meta property=\"og:site_name\" content=\"Educap\" \/>\n<meta property=\"article:publisher\" content=\"https:\/\/www.facebook.com\/educap.io\" \/>\n<meta property=\"article:modified_time\" content=\"2024-07-23T08:38:10+00:00\" \/>\n<meta name=\"twitter:card\" content=\"summary_large_image\" \/>\n<meta name=\"twitter:label1\" content=\"Dur\u00e9e de lecture estim\u00e9e\" \/>\n\t<meta name=\"twitter:data1\" content=\"3 minutes\" \/>\n<script type=\"application\/ld+json\" class=\"yoast-schema-graph\">{\"@context\":\"https:\/\/schema.org\",\"@graph\":[{\"@type\":\"WebPage\",\"@id\":\"https:\/\/educap.io\/outils-scolaires\/logiciel-scolaire\/logiciel-scolaire-pour-les-professeurs\/\",\"url\":\"https:\/\/educap.io\/outils-scolaires\/logiciel-scolaire\/logiciel-scolaire-pour-les-professeurs\/\",\"name\":\"Les logiciels scolaires pour les professeurs - Educap\",\"isPartOf\":{\"@id\":\"https:\/\/educap.io\/#website\"},\"datePublished\":\"2024-07-23T08:10:23+00:00\",\"dateModified\":\"2024-07-23T08:38:10+00:00\",\"description\":\"D\u00e9couvrez comment les logiciels scolaires r\u00e9volutionnent l'enseignement pour les professeurs. Explorez les avantages, les fonctionnalit\u00e9s cl\u00e9s et des conseils pour choisir le meilleur outil \u00e9ducatif. Am\u00e9liorez l'organisation, la communication et l'apprentissage avec des solutions adapt\u00e9es \u00e0 vos besoins\",\"breadcrumb\":{\"@id\":\"https:\/\/educap.io\/outils-scolaires\/logiciel-scolaire\/logiciel-scolaire-pour-les-professeurs\/#breadcrumb\"},\"inLanguage\":\"fr-FR\",\"potentialAction\":[{\"@type\":\"ReadAction\",\"target\":[\"https:\/\/educap.io\/outils-scolaires\/logiciel-scolaire\/logiciel-scolaire-pour-les-professeurs\/\"]}]},{\"@type\":\"BreadcrumbList\",\"@id\":\"https:\/\/educap.io\/outils-scolaires\/logiciel-scolaire\/logiciel-scolaire-pour-les-professeurs\/#breadcrumb\",\"itemListElement\":[{\"@type\":\"ListItem\",\"position\":1,\"name\":\"Accueil\",\"item\":\"https:\/\/educap.io\/fr_fr\/\"},{\"@type\":\"ListItem\",\"position\":2,\"name\":\"Outils scolaires\",\"item\":\"https:\/\/educap.io\/outils-scolaires\/\"},{\"@type\":\"ListItem\",\"position\":3,\"name\":\"Logiciel scolaire\",\"item\":\"https:\/\/educap.io\/outils-scolaires\/logiciel-scolaire\/\"},{\"@type\":\"ListItem\",\"position\":4,\"name\":\"Les logiciels scolaires pour les professeurs\"}]},{\"@type\":\"WebSite\",\"@id\":\"https:\/\/educap.io\/#website\",\"url\":\"https:\/\/educap.io\/\",\"name\":\"Educap\",\"description\":\"\",\"potentialAction\":[{\"@type\":\"SearchAction\",\"target\":{\"@type\":\"EntryPoint\",\"urlTemplate\":\"https:\/\/educap.io\/?s={search_term_string}\"},\"query-input\":{\"@type\":\"PropertyValueSpecification\",\"valueRequired\":true,\"valueName\":\"search_term_string\"}}],\"inLanguage\":\"fr-FR\"}]}<\/script>\n<!-- \/ Yoast SEO plugin. -->","yoast_head_json":{"title":"Les logiciels scolaires pour les professeurs - Educap","description":"D\u00e9couvrez comment les logiciels scolaires r\u00e9volutionnent l'enseignement pour les professeurs. Explorez les avantages, les fonctionnalit\u00e9s cl\u00e9s et des conseils pour choisir le meilleur outil \u00e9ducatif. Am\u00e9liorez l'organisation, la communication et l'apprentissage avec des solutions adapt\u00e9es \u00e0 vos besoins","robots":{"index":"index","follow":"follow","max-snippet":"max-snippet:-1","max-image-preview":"max-image-preview:large","max-video-preview":"max-video-preview:-1"},"canonical":"https:\/\/educap.io\/fr_fr\/outils-scolaires\/logiciel-scolaire\/logiciel-scolaire-pour-les-professeurs\/","og_locale":"fr_FR","og_type":"article","og_title":"Les logiciels scolaires pour les professeurs - Educap","og_description":"D\u00e9couvrez comment les logiciels scolaires r\u00e9volutionnent l'enseignement pour les professeurs. Explorez les avantages, les fonctionnalit\u00e9s cl\u00e9s et des conseils pour choisir le meilleur outil \u00e9ducatif. Am\u00e9liorez l'organisation, la communication et l'apprentissage avec des solutions adapt\u00e9es \u00e0 vos besoins","og_url":"https:\/\/educap.io\/fr_fr\/outils-scolaires\/logiciel-scolaire\/logiciel-scolaire-pour-les-professeurs\/","og_site_name":"Educap","article_publisher":"https:\/\/www.facebook.com\/educap.io","article_modified_time":"2024-07-23T08:38:10+00:00","twitter_card":"summary_large_image","twitter_misc":{"Dur\u00e9e de lecture estim\u00e9e":"3 minutes"},"schema":{"@context":"https:\/\/schema.org","@graph":[{"@type":"WebPage","@id":"https:\/\/educap.io\/outils-scolaires\/logiciel-scolaire\/logiciel-scolaire-pour-les-professeurs\/","url":"https:\/\/educap.io\/outils-scolaires\/logiciel-scolaire\/logiciel-scolaire-pour-les-professeurs\/","name":"Les logiciels scolaires pour les professeurs - Educap","isPartOf":{"@id":"https:\/\/educap.io\/#website"},"datePublished":"2024-07-23T08:10:23+00:00","dateModified":"2024-07-23T08:38:10+00:00","description":"D\u00e9couvrez comment les logiciels scolaires r\u00e9volutionnent l'enseignement pour les professeurs. Explorez les avantages, les fonctionnalit\u00e9s cl\u00e9s et des conseils pour choisir le meilleur outil \u00e9ducatif. Am\u00e9liorez l'organisation, la communication et l'apprentissage avec des solutions adapt\u00e9es \u00e0 vos besoins","breadcrumb":{"@id":"https:\/\/educap.io\/outils-scolaires\/logiciel-scolaire\/logiciel-scolaire-pour-les-professeurs\/#breadcrumb"},"inLanguage":"fr-FR","potentialAction":[{"@type":"ReadAction","target":["https:\/\/educap.io\/outils-scolaires\/logiciel-scolaire\/logiciel-scolaire-pour-les-professeurs\/"]}]},{"@type":"BreadcrumbList","@id":"https:\/\/educap.io\/outils-scolaires\/logiciel-scolaire\/logiciel-scolaire-pour-les-professeurs\/#breadcrumb","itemListElement":[{"@type":"ListItem","position":1,"name":"Accueil","item":"https:\/\/educap.io\/fr_fr\/"},{"@type":"ListItem","position":2,"name":"Outils scolaires","item":"https:\/\/educap.io\/outils-scolaires\/"},{"@type":"ListItem","position":3,"name":"Logiciel scolaire","item":"https:\/\/educap.io\/outils-scolaires\/logiciel-scolaire\/"},{"@type":"ListItem","position":4,"name":"Les logiciels scolaires pour les professeurs"}]},{"@type":"WebSite","@id":"https:\/\/educap.io\/#website","url":"https:\/\/educap.io\/","name":"Educap","description":"","potentialAction":[{"@type":"SearchAction","target":{"@type":"EntryPoint","urlTemplate":"https:\/\/educap.io\/?s={search_term_string}"},"query-input":{"@type":"PropertyValueSpecification","valueRequired":true,"valueName":"search_term_string"}}],"inLanguage":"fr-FR"}]}},"_links":{"self":[{"href":"https:\/\/educap.io\/fr_fr\/wp-json\/wp\/v2\/pages\/4650","targetHints":{"allow":["GET"]}}],"collection":[{"href":"https:\/\/educap.io\/fr_fr\/wp-json\/wp\/v2\/pages"}],"about":[{"href":"https:\/\/educap.io\/fr_fr\/wp-json\/wp\/v2\/types\/page"}],"author":[{"embeddable":true,"href":"https:\/\/educap.io\/fr_fr\/wp-json\/wp\/v2\/users\/6"}],"replies":[{"embeddable":true,"href":"https:\/\/educap.io\/fr_fr\/wp-json\/wp\/v2\/comments?post=4650"}],"version-history":[{"count":6,"href":"https:\/\/educap.io\/fr_fr\/wp-json\/wp\/v2\/pages\/4650\/revisions"}],"predecessor-version":[{"id":4657,"href":"https:\/\/educap.io\/fr_fr\/wp-json\/wp\/v2\/pages\/4650\/revisions\/4657"}],"up":[{"embeddable":true,"href":"https:\/\/educap.io\/fr_fr\/wp-json\/wp\/v2\/pages\/2718"}],"wp:attachment":[{"href":"https:\/\/educap.io\/fr_fr\/wp-json\/wp\/v2\/media?parent=4650"}],"curies":[{"name":"wp","href":"https:\/\/api.w.org\/{rel}","templated":true}]}}