{"id":2736,"date":"2024-01-30T10:25:25","date_gmt":"2024-01-30T10:25:25","guid":{"rendered":"https:\/\/educap.io\/?page_id=2736"},"modified":"2024-08-12T14:36:24","modified_gmt":"2024-08-12T14:36:24","slug":"sanctions-scolaires","status":"publish","type":"page","link":"https:\/\/educap.io\/fr_fr\/outils-scolaires\/sanctions-scolaires\/","title":{"rendered":"Sanctions scolaires"},"content":{"rendered":"\t\t<div data-elementor-type=\"wp-page\" data-elementor-id=\"2736\" class=\"elementor elementor-2736\" data-elementor-post-type=\"page\">\n\t\t\t\t\t\t<section class=\"elementor-section elementor-top-section elementor-element elementor-element-a96443b elementor-section-boxed elementor-section-height-default elementor-section-height-default\" data-id=\"a96443b\" data-element_type=\"section\" data-settings=\"{&quot;background_background&quot;:&quot;gradient&quot;}\">\n\t\t\t\t\t\t<div class=\"elementor-container elementor-column-gap-default\">\n\t\t\t\t\t<div class=\"elementor-column elementor-col-100 elementor-top-column elementor-element elementor-element-337cff5\" data-id=\"337cff5\" data-element_type=\"column\">\n\t\t\t<div class=\"elementor-widget-wrap elementor-element-populated\">\n\t\t\t\t\t\t<div class=\"elementor-element elementor-element-f22bfcd elementor-widget elementor-widget-heading\" data-id=\"f22bfcd\" data-element_type=\"widget\" data-widget_type=\"heading.default\">\n\t\t\t\t<div class=\"elementor-widget-container\">\n\t\t\t\t\t<h1 class=\"elementor-heading-title elementor-size-default\">Outils scolaires<\/h1>\t\t\t\t<\/div>\n\t\t\t\t<\/div>\n\t\t\t\t\t<\/div>\n\t\t<\/div>\n\t\t\t\t\t<\/div>\n\t\t<\/section>\n\t\t\t\t<section class=\"elementor-section elementor-top-section elementor-element elementor-element-b19eba3 elementor-section-boxed elementor-section-height-default elementor-section-height-default\" data-id=\"b19eba3\" data-element_type=\"section\">\n\t\t\t\t\t\t<div class=\"elementor-container elementor-column-gap-default\">\n\t\t\t\t\t<div class=\"elementor-column elementor-col-100 elementor-top-column elementor-element elementor-element-fc90bfa\" data-id=\"fc90bfa\" data-element_type=\"column\">\n\t\t\t<div class=\"elementor-widget-wrap elementor-element-populated\">\n\t\t\t\t\t\t<div class=\"elementor-element elementor-element-f20ad37 elementor-widget elementor-widget-spacer\" data-id=\"f20ad37\" data-element_type=\"widget\" data-widget_type=\"spacer.default\">\n\t\t\t\t<div class=\"elementor-widget-container\">\n\t\t\t\t\t\t\t<div class=\"elementor-spacer\">\n\t\t\t<div class=\"elementor-spacer-inner\"><\/div>\n\t\t<\/div>\n\t\t\t\t\t\t<\/div>\n\t\t\t\t<\/div>\n\t\t\t\t\t<\/div>\n\t\t<\/div>\n\t\t\t\t\t<\/div>\n\t\t<\/section>\n\t\t\t\t<section class=\"elementor-section elementor-top-section elementor-element elementor-element-773b927 elementor-section-boxed elementor-section-height-default elementor-section-height-default\" data-id=\"773b927\" data-element_type=\"section\">\n\t\t\t\t\t\t<div class=\"elementor-container elementor-column-gap-default\">\n\t\t\t\t\t<div class=\"elementor-column elementor-col-33 elementor-top-column elementor-element elementor-element-6bbd5c2\" data-id=\"6bbd5c2\" data-element_type=\"column\">\n\t\t\t<div class=\"elementor-widget-wrap elementor-element-populated\">\n\t\t\t\t\t\t<div class=\"elementor-element elementor-element-4ab14ca elementor-widget__width-initial elementor-widget elementor-widget-image\" data-id=\"4ab14ca\" data-element_type=\"widget\" data-widget_type=\"image.default\">\n\t\t\t\t<div class=\"elementor-widget-container\">\n\t\t\t\t\t\t\t\t\t\t\t\t\t\t\t<img decoding=\"async\" width=\"159\" height=\"143\" src=\"https:\/\/educap.io\/wp-content\/uploads\/2024\/01\/Vector-5-1.png\" class=\"attachment-large size-large wp-image-2656\" alt=\"\" \/>\t\t\t\t\t\t\t\t\t\t\t\t\t\t\t<\/div>\n\t\t\t\t<\/div>\n\t\t\t\t\t<\/div>\n\t\t<\/div>\n\t\t\t\t<div class=\"elementor-column elementor-col-33 elementor-top-column elementor-element elementor-element-abec4b1\" data-id=\"abec4b1\" data-element_type=\"column\">\n\t\t\t<div class=\"elementor-widget-wrap elementor-element-populated\">\n\t\t\t\t\t\t<div class=\"elementor-element elementor-element-a2c5f68 elementor-widget elementor-widget-spacer\" data-id=\"a2c5f68\" data-element_type=\"widget\" data-widget_type=\"spacer.default\">\n\t\t\t\t<div class=\"elementor-widget-container\">\n\t\t\t\t\t\t\t<div class=\"elementor-spacer\">\n\t\t\t<div class=\"elementor-spacer-inner\"><\/div>\n\t\t<\/div>\n\t\t\t\t\t\t<\/div>\n\t\t\t\t<\/div>\n\t\t\t\t<div class=\"elementor-element elementor-element-7eb9c6e elementor-widget elementor-widget-heading\" data-id=\"7eb9c6e\" data-element_type=\"widget\" data-widget_type=\"heading.default\">\n\t\t\t\t<div class=\"elementor-widget-container\">\n\t\t\t\t\t<h2 class=\"elementor-heading-title elementor-size-default\">Sanctions scolaires<\/h2>\t\t\t\t<\/div>\n\t\t\t\t<\/div>\n\t\t\t\t\t<\/div>\n\t\t<\/div>\n\t\t\t\t<div class=\"elementor-column elementor-col-33 elementor-top-column elementor-element elementor-element-99e24a8\" data-id=\"99e24a8\" data-element_type=\"column\">\n\t\t\t<div class=\"elementor-widget-wrap elementor-element-populated\">\n\t\t\t\t\t\t<div class=\"elementor-element elementor-element-cadba65 elementor-widget elementor-widget-image\" data-id=\"cadba65\" data-element_type=\"widget\" data-widget_type=\"image.default\">\n\t\t\t\t<div class=\"elementor-widget-container\">\n\t\t\t\t\t\t\t\t\t\t\t\t\t\t\t<img decoding=\"async\" width=\"174\" height=\"172\" src=\"https:\/\/educap.io\/wp-content\/uploads\/2024\/01\/portrait-schoolgirl-memphis-background_1-removebg-preview-1-3.png\" class=\"attachment-large size-large wp-image-2660\" alt=\"\" \/>\t\t\t\t\t\t\t\t\t\t\t\t\t\t\t<\/div>\n\t\t\t\t<\/div>\n\t\t\t\t\t<\/div>\n\t\t<\/div>\n\t\t\t\t\t<\/div>\n\t\t<\/section>\n\t\t\t\t<section class=\"elementor-section elementor-top-section elementor-element elementor-element-fec65d5 elementor-section-boxed elementor-section-height-default elementor-section-height-default\" data-id=\"fec65d5\" data-element_type=\"section\">\n\t\t\t\t\t\t<div class=\"elementor-container elementor-column-gap-no\">\n\t\t\t\t\t<div data-tp-sc-link=\"https:\/\/educap.io\/outils-scolaires\/sanctions-scolaires\/quels-sont-les-types-de-sanctions-scolaires\/\" data-tp-sc-link-external=\"\" style=\"cursor: pointer\" class=\"elementor-column elementor-col-100 elementor-top-column elementor-element elementor-element-2effef5\" data-id=\"2effef5\" data-element_type=\"column\" data-settings=\"{&quot;background_background&quot;:&quot;slideshow&quot;,&quot;background_slideshow_gallery&quot;:[{&quot;id&quot;:2667,&quot;url&quot;:&quot;https:\\\/\\\/educap.io\\\/wp-content\\\/uploads\\\/2024\\\/01\\\/Group-402-1.png&quot;}],&quot;background_slideshow_loop&quot;:&quot;yes&quot;,&quot;background_slideshow_slide_duration&quot;:5000,&quot;background_slideshow_slide_transition&quot;:&quot;fade&quot;,&quot;background_slideshow_transition_duration&quot;:500}\">\n\t\t\t<div class=\"elementor-widget-wrap elementor-element-populated\">\n\t\t\t\t\t\t<div class=\"elementor-element elementor-element-2e960bf elementor-widget__width-initial elementor-widget elementor-widget-heading\" data-id=\"2e960bf\" data-element_type=\"widget\" data-widget_type=\"heading.default\">\n\t\t\t\t<div class=\"elementor-widget-container\">\n\t\t\t\t\t<h2 class=\"elementor-heading-title elementor-size-default\">01<\/h2>\t\t\t\t<\/div>\n\t\t\t\t<\/div>\n\t\t\t\t<div class=\"elementor-element elementor-element-00f3d60 elementor-widget elementor-widget-heading\" data-id=\"00f3d60\" data-element_type=\"widget\" data-widget_type=\"heading.default\">\n\t\t\t\t<div class=\"elementor-widget-container\">\n\t\t\t\t\t<h2 class=\"elementor-heading-title elementor-size-default\">Quels sont les types de sanctions scolaires ?<\/h2>\t\t\t\t<\/div>\n\t\t\t\t<\/div>\n\t\t\t\t<div class=\"elementor-element elementor-element-435860d elementor-widget__width-initial elementor-widget elementor-widget-heading\" data-id=\"435860d\" data-element_type=\"widget\" data-widget_type=\"heading.default\">\n\t\t\t\t<div class=\"elementor-widget-container\">\n\t\t\t\t\t<h2 class=\"elementor-heading-title elementor-size-default\">Bienvenue dans cette plong\u00e9e approfondie au c\u0153ur des diff\u00e9rents types de sanctions scolaires, un aspect incontournable du paysage \u00e9ducatif...<\/h2>\t\t\t\t<\/div>\n\t\t\t\t<\/div>\n\t\t\t\t\t<\/div>\n\t\t<\/div>\n\t\t\t\t\t<\/div>\n\t\t<\/section>\n\t\t\t\t<section class=\"elementor-section elementor-top-section elementor-element elementor-element-5b17f75 elementor-section-boxed elementor-section-height-default elementor-section-height-default\" data-id=\"5b17f75\" data-element_type=\"section\">\n\t\t\t\t\t\t<div class=\"elementor-container elementor-column-gap-no\">\n\t\t\t\t\t<div data-tp-sc-link=\"https:\/\/educap.io\/outils-scolaires\/sanctions-scolaires\/comment-adopter-les-sanctions-scolaires\/\" data-tp-sc-link-external=\"\" style=\"cursor: pointer\" class=\"elementor-column elementor-col-100 elementor-top-column elementor-element elementor-element-dcd250c\" data-id=\"dcd250c\" data-element_type=\"column\" data-settings=\"{&quot;background_background&quot;:&quot;slideshow&quot;,&quot;background_slideshow_gallery&quot;:[{&quot;id&quot;:2668,&quot;url&quot;:&quot;https:\\\/\\\/educap.io\\\/wp-content\\\/uploads\\\/2024\\\/01\\\/Group-403.png&quot;}],&quot;background_slideshow_loop&quot;:&quot;yes&quot;,&quot;background_slideshow_slide_duration&quot;:5000,&quot;background_slideshow_slide_transition&quot;:&quot;fade&quot;,&quot;background_slideshow_transition_duration&quot;:500}\">\n\t\t\t<div class=\"elementor-widget-wrap elementor-element-populated\">\n\t\t\t\t\t\t<div class=\"elementor-element elementor-element-a5fc304 elementor-widget__width-initial elementor-widget elementor-widget-heading\" data-id=\"a5fc304\" data-element_type=\"widget\" data-widget_type=\"heading.default\">\n\t\t\t\t<div class=\"elementor-widget-container\">\n\t\t\t\t\t<h2 class=\"elementor-heading-title elementor-size-default\">02<\/h2>\t\t\t\t<\/div>\n\t\t\t\t<\/div>\n\t\t\t\t<div class=\"elementor-element elementor-element-fbe0210 elementor-widget elementor-widget-heading\" data-id=\"fbe0210\" data-element_type=\"widget\" data-widget_type=\"heading.default\">\n\t\t\t\t<div class=\"elementor-widget-container\">\n\t\t\t\t\t<h2 class=\"elementor-heading-title elementor-size-default\">Comment adopter les sanctions scolaires ?<\/h2>\t\t\t\t<\/div>\n\t\t\t\t<\/div>\n\t\t\t\t<div class=\"elementor-element elementor-element-ceddcf2 elementor-widget__width-initial elementor-widget elementor-widget-heading\" data-id=\"ceddcf2\" data-element_type=\"widget\" data-widget_type=\"heading.default\">\n\t\t\t\t<div class=\"elementor-widget-container\">\n\t\t\t\t\t<h2 class=\"elementor-heading-title elementor-size-default\"><div><br><\/div><span>L\u2019adoption des sanctions scolaires est un sujet d\u00e9licat, mais essentiel pour maintenir une atmosph\u00e8re d\u2019apprentissage positive et efficace. Il est crucial de trouver un \u00e9quilibre entre la discipline...<\/span><\/h2>\t\t\t\t<\/div>\n\t\t\t\t<\/div>\n\t\t\t\t\t<\/div>\n\t\t<\/div>\n\t\t\t\t\t<\/div>\n\t\t<\/section>\n\t\t\t\t<section class=\"elementor-section elementor-top-section elementor-element elementor-element-e2cfdcd elementor-section-boxed elementor-section-height-default elementor-section-height-default\" data-id=\"e2cfdcd\" data-element_type=\"section\">\n\t\t\t\t\t\t<div class=\"elementor-container elementor-column-gap-no\">\n\t\t\t\t\t<div data-tp-sc-link=\"https:\/\/educap.io\/outils-scolaires\/sanctions-scolaires\/les-droits-des-eleves-en-cas-de-sanctions-scolaires\/\" data-tp-sc-link-external=\"\" style=\"cursor: pointer\" class=\"elementor-column elementor-col-100 elementor-top-column elementor-element elementor-element-7730e24\" data-id=\"7730e24\" data-element_type=\"column\" data-settings=\"{&quot;background_background&quot;:&quot;slideshow&quot;,&quot;background_slideshow_gallery&quot;:[{&quot;id&quot;:2667,&quot;url&quot;:&quot;https:\\\/\\\/educap.io\\\/wp-content\\\/uploads\\\/2024\\\/01\\\/Group-402-1.png&quot;}],&quot;background_slideshow_loop&quot;:&quot;yes&quot;,&quot;background_slideshow_slide_duration&quot;:5000,&quot;background_slideshow_slide_transition&quot;:&quot;fade&quot;,&quot;background_slideshow_transition_duration&quot;:500}\">\n\t\t\t<div class=\"elementor-widget-wrap elementor-element-populated\">\n\t\t\t\t\t\t<div class=\"elementor-element elementor-element-1d12491 elementor-widget__width-initial elementor-widget elementor-widget-heading\" data-id=\"1d12491\" data-element_type=\"widget\" data-widget_type=\"heading.default\">\n\t\t\t\t<div class=\"elementor-widget-container\">\n\t\t\t\t\t<h2 class=\"elementor-heading-title elementor-size-default\">03<\/h2>\t\t\t\t<\/div>\n\t\t\t\t<\/div>\n\t\t\t\t<div class=\"elementor-element elementor-element-bcbaaba elementor-widget elementor-widget-heading\" data-id=\"bcbaaba\" data-element_type=\"widget\" data-widget_type=\"heading.default\">\n\t\t\t\t<div class=\"elementor-widget-container\">\n\t\t\t\t\t<h2 class=\"elementor-heading-title elementor-size-default\">Les droits des \u00e9l\u00e8ves en cas de sanctions scolaires<\/h2>\t\t\t\t<\/div>\n\t\t\t\t<\/div>\n\t\t\t\t<div class=\"elementor-element elementor-element-8a4cfe5 elementor-widget__width-initial elementor-widget elementor-widget-heading\" data-id=\"8a4cfe5\" data-element_type=\"widget\" data-widget_type=\"heading.default\">\n\t\t\t\t<div class=\"elementor-widget-container\">\n\t\t\t\t\t<h2 class=\"elementor-heading-title elementor-size-default\"><span>Dans un environnement scolaire, il faut parfois appliquer des sanctions disciplinaires pour maintenir l\u2019ordre et la discipline. Cependant, il est essentiel de garantir que les droits des \u00e9l\u00e8ves...<\/span><\/h2>\t\t\t\t<\/div>\n\t\t\t\t<\/div>\n\t\t\t\t\t<\/div>\n\t\t<\/div>\n\t\t\t\t\t<\/div>\n\t\t<\/section>\n\t\t\t\t<\/div>\n\t\t","protected":false},"excerpt":{"rendered":"<p>Outils scolaires Sanctions scolaires 01 Quels sont les types de sanctions scolaires ? Bienvenue dans cette plong\u00e9e approfondie au c\u0153ur des diff\u00e9rents types de sanctions scolaires, un aspect incontournable du paysage \u00e9ducatif&#8230; 02 Comment adopter les sanctions scolaires ? L\u2019adoption des sanctions scolaires est un sujet d\u00e9licat, mais essentiel pour maintenir une atmosph\u00e8re d\u2019apprentissage positive [&hellip;]<\/p>\n","protected":false},"author":6,"featured_media":0,"parent":2625,"menu_order":0,"comment_status":"closed","ping_status":"closed","template":"elementor_header_footer","meta":{"footnotes":""},"class_list":["post-2736","page","type-page","status-publish","hentry"],"yoast_head":"<!-- This site is optimized with the Yoast SEO plugin v24.2 - https:\/\/yoast.com\/wordpress\/plugins\/seo\/ -->\n<title>Sanctions scolaires - Educap<\/title>\n<meta name=\"robots\" content=\"index, follow, max-snippet:-1, max-image-preview:large, max-video-preview:-1\" \/>\n<link rel=\"canonical\" href=\"https:\/\/educap.io\/fr_fr\/outils-scolaires\/sanctions-scolaires\/\" \/>\n<meta property=\"og:locale\" content=\"fr_FR\" \/>\n<meta property=\"og:type\" content=\"article\" \/>\n<meta property=\"og:title\" content=\"Sanctions scolaires - Educap\" \/>\n<meta property=\"og:description\" content=\"Outils scolaires Sanctions scolaires 01 Quels sont les types de sanctions scolaires ? Bienvenue dans cette plong\u00e9e approfondie au c\u0153ur des diff\u00e9rents types de sanctions scolaires, un aspect incontournable du paysage \u00e9ducatif&#8230; 02 Comment adopter les sanctions scolaires ? L\u2019adoption des sanctions scolaires est un sujet d\u00e9licat, mais essentiel pour maintenir une atmosph\u00e8re d\u2019apprentissage positive [&hellip;]\" \/>\n<meta property=\"og:url\" content=\"https:\/\/educap.io\/fr_fr\/outils-scolaires\/sanctions-scolaires\/\" \/>\n<meta property=\"og:site_name\" content=\"Educap\" \/>\n<meta property=\"article:publisher\" content=\"https:\/\/www.facebook.com\/educap.io\" \/>\n<meta property=\"article:modified_time\" content=\"2024-08-12T14:36:24+00:00\" \/>\n<meta property=\"og:image\" content=\"https:\/\/educap.io\/wp-content\/uploads\/2024\/01\/Vector-5-1.png\" \/>\n<meta name=\"twitter:card\" content=\"summary_large_image\" \/>\n<meta name=\"twitter:label1\" content=\"Dur\u00e9e de lecture estim\u00e9e\" \/>\n\t<meta name=\"twitter:data1\" content=\"1 minute\" \/>\n<script type=\"application\/ld+json\" class=\"yoast-schema-graph\">{\"@context\":\"https:\/\/schema.org\",\"@graph\":[{\"@type\":\"WebPage\",\"@id\":\"https:\/\/educap.io\/outils-scolaires\/sanctions-scolaires\/\",\"url\":\"https:\/\/educap.io\/outils-scolaires\/sanctions-scolaires\/\",\"name\":\"Sanctions scolaires - Educap\",\"isPartOf\":{\"@id\":\"https:\/\/educap.io\/#website\"},\"primaryImageOfPage\":{\"@id\":\"https:\/\/educap.io\/outils-scolaires\/sanctions-scolaires\/#primaryimage\"},\"image\":{\"@id\":\"https:\/\/educap.io\/outils-scolaires\/sanctions-scolaires\/#primaryimage\"},\"thumbnailUrl\":\"https:\/\/educap.io\/wp-content\/uploads\/2024\/01\/Vector-5-1.png\",\"datePublished\":\"2024-01-30T10:25:25+00:00\",\"dateModified\":\"2024-08-12T14:36:24+00:00\",\"breadcrumb\":{\"@id\":\"https:\/\/educap.io\/outils-scolaires\/sanctions-scolaires\/#breadcrumb\"},\"inLanguage\":\"fr-FR\",\"potentialAction\":[{\"@type\":\"ReadAction\",\"target\":[\"https:\/\/educap.io\/outils-scolaires\/sanctions-scolaires\/\"]}]},{\"@type\":\"ImageObject\",\"inLanguage\":\"fr-FR\",\"@id\":\"https:\/\/educap.io\/outils-scolaires\/sanctions-scolaires\/#primaryimage\",\"url\":\"https:\/\/educap.io\/wp-content\/uploads\/2024\/01\/Vector-5-1.png\",\"contentUrl\":\"https:\/\/educap.io\/wp-content\/uploads\/2024\/01\/Vector-5-1.png\"},{\"@type\":\"BreadcrumbList\",\"@id\":\"https:\/\/educap.io\/outils-scolaires\/sanctions-scolaires\/#breadcrumb\",\"itemListElement\":[{\"@type\":\"ListItem\",\"position\":1,\"name\":\"Accueil\",\"item\":\"https:\/\/educap.io\/fr_fr\/\"},{\"@type\":\"ListItem\",\"position\":2,\"name\":\"Outils scolaires\",\"item\":\"https:\/\/educap.io\/outils-scolaires\/\"},{\"@type\":\"ListItem\",\"position\":3,\"name\":\"Sanctions scolaires\"}]},{\"@type\":\"WebSite\",\"@id\":\"https:\/\/educap.io\/#website\",\"url\":\"https:\/\/educap.io\/\",\"name\":\"Educap\",\"description\":\"\",\"potentialAction\":[{\"@type\":\"SearchAction\",\"target\":{\"@type\":\"EntryPoint\",\"urlTemplate\":\"https:\/\/educap.io\/?s={search_term_string}\"},\"query-input\":{\"@type\":\"PropertyValueSpecification\",\"valueRequired\":true,\"valueName\":\"search_term_string\"}}],\"inLanguage\":\"fr-FR\"}]}<\/script>\n<!-- \/ Yoast SEO plugin. -->","yoast_head_json":{"title":"Sanctions scolaires - Educap","robots":{"index":"index","follow":"follow","max-snippet":"max-snippet:-1","max-image-preview":"max-image-preview:large","max-video-preview":"max-video-preview:-1"},"canonical":"https:\/\/educap.io\/fr_fr\/outils-scolaires\/sanctions-scolaires\/","og_locale":"fr_FR","og_type":"article","og_title":"Sanctions scolaires - Educap","og_description":"Outils scolaires Sanctions scolaires 01 Quels sont les types de sanctions scolaires ? Bienvenue dans cette plong\u00e9e approfondie au c\u0153ur des diff\u00e9rents types de sanctions scolaires, un aspect incontournable du paysage \u00e9ducatif&#8230; 02 Comment adopter les sanctions scolaires ? L\u2019adoption des sanctions scolaires est un sujet d\u00e9licat, mais essentiel pour maintenir une atmosph\u00e8re d\u2019apprentissage positive [&hellip;]","og_url":"https:\/\/educap.io\/fr_fr\/outils-scolaires\/sanctions-scolaires\/","og_site_name":"Educap","article_publisher":"https:\/\/www.facebook.com\/educap.io","article_modified_time":"2024-08-12T14:36:24+00:00","og_image":[{"url":"https:\/\/educap.io\/wp-content\/uploads\/2024\/01\/Vector-5-1.png","type":"","width":"","height":""}],"twitter_card":"summary_large_image","twitter_misc":{"Dur\u00e9e de lecture estim\u00e9e":"1 minute"},"schema":{"@context":"https:\/\/schema.org","@graph":[{"@type":"WebPage","@id":"https:\/\/educap.io\/outils-scolaires\/sanctions-scolaires\/","url":"https:\/\/educap.io\/outils-scolaires\/sanctions-scolaires\/","name":"Sanctions scolaires - Educap","isPartOf":{"@id":"https:\/\/educap.io\/#website"},"primaryImageOfPage":{"@id":"https:\/\/educap.io\/outils-scolaires\/sanctions-scolaires\/#primaryimage"},"image":{"@id":"https:\/\/educap.io\/outils-scolaires\/sanctions-scolaires\/#primaryimage"},"thumbnailUrl":"https:\/\/educap.io\/wp-content\/uploads\/2024\/01\/Vector-5-1.png","datePublished":"2024-01-30T10:25:25+00:00","dateModified":"2024-08-12T14:36:24+00:00","breadcrumb":{"@id":"https:\/\/educap.io\/outils-scolaires\/sanctions-scolaires\/#breadcrumb"},"inLanguage":"fr-FR","potentialAction":[{"@type":"ReadAction","target":["https:\/\/educap.io\/outils-scolaires\/sanctions-scolaires\/"]}]},{"@type":"ImageObject","inLanguage":"fr-FR","@id":"https:\/\/educap.io\/outils-scolaires\/sanctions-scolaires\/#primaryimage","url":"https:\/\/educap.io\/wp-content\/uploads\/2024\/01\/Vector-5-1.png","contentUrl":"https:\/\/educap.io\/wp-content\/uploads\/2024\/01\/Vector-5-1.png"},{"@type":"BreadcrumbList","@id":"https:\/\/educap.io\/outils-scolaires\/sanctions-scolaires\/#breadcrumb","itemListElement":[{"@type":"ListItem","position":1,"name":"Accueil","item":"https:\/\/educap.io\/fr_fr\/"},{"@type":"ListItem","position":2,"name":"Outils scolaires","item":"https:\/\/educap.io\/outils-scolaires\/"},{"@type":"ListItem","position":3,"name":"Sanctions scolaires"}]},{"@type":"WebSite","@id":"https:\/\/educap.io\/#website","url":"https:\/\/educap.io\/","name":"Educap","description":"","potentialAction":[{"@type":"SearchAction","target":{"@type":"EntryPoint","urlTemplate":"https:\/\/educap.io\/?s={search_term_string}"},"query-input":{"@type":"PropertyValueSpecification","valueRequired":true,"valueName":"search_term_string"}}],"inLanguage":"fr-FR"}]}},"_links":{"self":[{"href":"https:\/\/educap.io\/fr_fr\/wp-json\/wp\/v2\/pages\/2736","targetHints":{"allow":["GET"]}}],"collection":[{"href":"https:\/\/educap.io\/fr_fr\/wp-json\/wp\/v2\/pages"}],"about":[{"href":"https:\/\/educap.io\/fr_fr\/wp-json\/wp\/v2\/types\/page"}],"author":[{"embeddable":true,"href":"https:\/\/educap.io\/fr_fr\/wp-json\/wp\/v2\/users\/6"}],"replies":[{"embeddable":true,"href":"https:\/\/educap.io\/fr_fr\/wp-json\/wp\/v2\/comments?post=2736"}],"version-history":[{"count":19,"href":"https:\/\/educap.io\/fr_fr\/wp-json\/wp\/v2\/pages\/2736\/revisions"}],"predecessor-version":[{"id":4877,"href":"https:\/\/educap.io\/fr_fr\/wp-json\/wp\/v2\/pages\/2736\/revisions\/4877"}],"up":[{"embeddable":true,"href":"https:\/\/educap.io\/fr_fr\/wp-json\/wp\/v2\/pages\/2625"}],"wp:attachment":[{"href":"https:\/\/educap.io\/fr_fr\/wp-json\/wp\/v2\/media?parent=2736"}],"curies":[{"name":"wp","href":"https:\/\/api.w.org\/{rel}","templated":true}]}}