{"id":2625,"date":"2024-01-29T15:29:32","date_gmt":"2024-01-29T15:29:32","guid":{"rendered":"https:\/\/educap.io\/?page_id=2625"},"modified":"2025-03-10T13:41:16","modified_gmt":"2025-03-10T13:41:16","slug":"outils-scolaires","status":"publish","type":"page","link":"https:\/\/educap.io\/fr_fr\/outils-scolaires\/","title":{"rendered":"Outils scolaires"},"content":{"rendered":"<h1>Outils scolaires<\/h1>\n<h2>01<\/h2>\n<h2>\u00ab\u00a0>\u00a0\u00bb>Gestion de scolarit\u00e9<\/h2>\n<p>\t\t\t\t\t\t\t\t\t\t\t\t\t<img decoding=\"async\" width=\"118\" height=\"122\" src=\"https:\/\/educap.io\/wp-content\/uploads\/2024\/01\/back-school-happy-time-cute-industrious-child-is-sitting-desk-indoors_1-removebg-preview-1-1.png\" alt=\"\" \/>\t\t\t\t\t\t\t\t\t\t\t\t\t<\/p>\n<h2>En savoir plus<\/h2>\n<h2>02<\/h2>\n<h2>Logiciel de gestion de scolarit\u00e9\u00a0\u00bb><\/h2>\n<p>\t\t\t\t\t\t\t\t\t\t\t\t\t<img decoding=\"async\" width=\"146\" height=\"131\" src=\"https:\/\/educap.io\/wp-content\/uploads\/2024\/01\/Group-343-1.png\" alt=\"\" \/>\t\t\t\t\t\t\t\t\t\t\t\t\t<\/p>\n<h2>En savoir plus<\/h2>\n<h2>03<\/h2>\n<h2>Ent des \u00e9coles primaires<\/h2>\n<p>\t\t\t\t\t\t\t\t\t\t\t\t\t<img decoding=\"async\" width=\"174\" height=\"172\" src=\"https:\/\/educap.io\/wp-content\/uploads\/2024\/01\/portrait-schoolgirl-memphis-background_1-removebg-preview-1-2-1.png\" alt=\"\" \/>\t\t\t\t\t\t\t\t\t\t\t\t\t<\/p>\n<h2>En savoir plus<\/h2>\n<h2>04<\/h2>\n<h2>Solution de gestion de scolarit\u00e9<\/h2>\n<p>\t\t\t\t\t\t\t\t\t\t\t\t\t<img loading=\"lazy\" decoding=\"async\" width=\"133\" height=\"157\" src=\"https:\/\/educap.io\/wp-content\/uploads\/2024\/01\/portrait-schoolgirl-with-big-light-bulb_1-removebg-preview-1-1.png\" alt=\"\" \/>\t\t\t\t\t\t\t\t\t\t\t\t\t<\/p>\n<h2>En savoir plus<\/h2>\n<h2>05<\/h2>\n<h2>ENT des \u00e9coles priv\u00e9es<\/h2>\n<p>\t\t\t\t\t\t\t\t\t\t\t\t\t<img loading=\"lazy\" decoding=\"async\" width=\"202\" height=\"166\" src=\"https:\/\/educap.io\/wp-content\/uploads\/2024\/01\/young-boy-reading-book_1-removebg-preview-1-1.png\" alt=\"\" \/>\t\t\t\t\t\t\t\t\t\t\t\t\t<\/p>\n<h2>En savoir plus<\/h2>\n<h2>06<\/h2>\n<h2>Solution scolaire <\/h2>\n<p>\t\t\t\t\t\t\t\t\t\t\t\t\t<img loading=\"lazy\" decoding=\"async\" width=\"94\" height=\"134\" src=\"https:\/\/educap.io\/wp-content\/uploads\/2024\/01\/elevated-view-yellow-light-bulb-white-background-removebg-preview-1-2.png\" alt=\"\" \/>\t\t\t\t\t\t\t\t\t\t\t\t\t<\/p>\n<h2>En savoir plus<\/h2>\n<h2>07<\/h2>\n<h2>Logiciel scolaire<\/h2>\n<p>\t\t\t\t\t\t\t\t\t\t\t\t\t<img loading=\"lazy\" decoding=\"async\" width=\"162\" height=\"115\" src=\"https:\/\/educap.io\/wp-content\/uploads\/2024\/01\/Group-369-1.png\" alt=\"\" \/>\t\t\t\t\t\t\t\t\t\t\t\t\t<\/p>\n<h2>En savoir plus<\/h2>\n<h2>08<\/h2>\n<h2>Emploi du temps scolaire<\/h2>\n<p>\t\t\t\t\t\t\t\t\t\t\t\t\t<img loading=\"lazy\" decoding=\"async\" width=\"130\" height=\"114\" src=\"https:\/\/educap.io\/wp-content\/uploads\/2024\/01\/456599-PFP3GK-683-removebg-preview-1-2.png\" alt=\"\" \/>\t\t\t\t\t\t\t\t\t\t\t\t\t<\/p>\n<h2>En savoir plus<\/h2>\n<h2>09<\/h2>\n<h2>Notes scolaires<\/h2>\n<p>\t\t\t\t\t\t\t\t\t\t\t\t\t<img loading=\"lazy\" decoding=\"async\" width=\"131\" height=\"141\" src=\"https:\/\/educap.io\/wp-content\/uploads\/2024\/01\/O3GMBI0-removebg-preview-1-2.png\" alt=\"\" \/>\t\t\t\t\t\t\t\t\t\t\t\t\t<\/p>\n<h2>En savoir plus<\/h2>\n<h2>10<\/h2>\n<h2>Sanctions scolaires<\/h2>\n<p>\t\t\t\t\t\t\t\t\t\t\t\t\t<img loading=\"lazy\" decoding=\"async\" width=\"113\" height=\"149\" src=\"https:\/\/educap.io\/wp-content\/uploads\/2024\/01\/little-girl-gets-bullied-conception-harassment-school-kids-uniform-together-corridor_1-removebg-preview-1-2.png\" alt=\"\" \/>\t\t\t\t\t\t\t\t\t\t\t\t\t<\/p>\n<h2>En savoir plus<\/h2>\n<h2>11<\/h2>\n<h2>Bulletin scolaire<\/h2>\n<p>\t\t\t\t\t\t\t\t\t\t\t\t\t<img loading=\"lazy\" decoding=\"async\" width=\"101\" height=\"104\" src=\"https:\/\/educap.io\/wp-content\/uploads\/2024\/01\/7695857-removebg-preview-1-2.png\" alt=\"\" \/>\t\t\t\t\t\t\t\t\t\t\t\t\t<\/p>\n<h2>En savoir plus<\/h2>\n<h2>12<\/h2>\n<h2>Cantine scolaire<\/h2>\n<p>\t\t\t\t\t\t\t\t\t\t\t\t\t<img loading=\"lazy\" decoding=\"async\" width=\"184\" height=\"204\" src=\"https:\/\/educap.io\/wp-content\/uploads\/2024\/01\/drawings-blackboard-with-sandwich-removebg-preview-1-1.png\" alt=\"\" \/>\t\t\t\t\t\t\t\t\t\t\t\t\t<\/p>\n<h2>En savoir plus<\/h2>\n<h2>13<\/h2>\n<h2>Absences scolaires\u00a0\u00bb><\/h2>\n<p>\t\t\t\t\t\t\t\t\t\t\t\t\t<img loading=\"lazy\" decoding=\"async\" width=\"139\" height=\"137\" src=\"https:\/\/educap.io\/wp-content\/uploads\/2024\/01\/sac-dos-scolaire-jaune-complet-papeterie-table-fond-violet_1-removebg-preview-1.png\" alt=\"\" \/>\t\t\t\t\t\t\t\t\t\t\t\t\t<\/p>\n<h2>En savoir plus<\/h2>\n<h2>14<\/h2>\n<h2>Retards scolaires<\/h2>\n<p>\t\t\t\t\t\t\t\t\t\t\t\t\t<img loading=\"lazy\" decoding=\"async\" width=\"159\" height=\"165\" src=\"https:\/\/educap.io\/wp-content\/uploads\/2024\/01\/inquiet-garcon-main-sien-tenue-blanc-horloge-debout-contre-jaune-fond_1-removebg-preview-1-1.png\" alt=\"\" \/>\t\t\t\t\t\t\t\t\t\t\t\t\t<\/p>\n<h2>En savoir plus<\/h2>\n","protected":false},"excerpt":{"rendered":"<p>Outils scolaires 01 \u00ab\u00a0>\u00a0\u00bb>Gestion de scolarit\u00e9 En savoir plus 02 Logiciel de gestion de scolarit\u00e9\u00a0\u00bb> En savoir plus 03 Ent des \u00e9coles primaires En savoir plus 04 Solution de gestion de scolarit\u00e9 En savoir plus 05 ENT des \u00e9coles priv\u00e9es En savoir plus 06 Solution scolaire En savoir plus 07 Logiciel scolaire En savoir plus [&hellip;]<\/p>\n","protected":false},"author":8,"featured_media":0,"parent":0,"menu_order":0,"comment_status":"closed","ping_status":"closed","template":"elementor_header_footer","meta":{"footnotes":""},"class_list":["post-2625","page","type-page","status-publish","hentry"],"yoast_head":"<!-- This site is optimized with the Yoast SEO plugin v24.2 - https:\/\/yoast.com\/wordpress\/plugins\/seo\/ -->\n<title>Outils scolaires<\/title>\n<meta name=\"robots\" content=\"index, follow, max-snippet:-1, max-image-preview:large, max-video-preview:-1\" \/>\n<link rel=\"canonical\" href=\"https:\/\/educap.io\/fr_fr\/outils-scolaires\/\" \/>\n<meta property=\"og:locale\" content=\"fr_FR\" \/>\n<meta property=\"og:type\" content=\"article\" \/>\n<meta property=\"og:title\" content=\"Outils scolaires\" \/>\n<meta property=\"og:description\" content=\"Outils scolaires 01 \u00ab\u00a0&gt;\u00a0\u00bb&gt;Gestion de scolarit\u00e9 En savoir plus 02 Logiciel de gestion de scolarit\u00e9\u00a0\u00bb&gt; En savoir plus 03 Ent des \u00e9coles primaires En savoir plus 04 Solution de gestion de scolarit\u00e9 En savoir plus 05 ENT des \u00e9coles priv\u00e9es En savoir plus 06 Solution scolaire En savoir plus 07 Logiciel scolaire En savoir plus [&hellip;]\" \/>\n<meta property=\"og:url\" content=\"https:\/\/educap.io\/fr_fr\/outils-scolaires\/\" \/>\n<meta property=\"og:site_name\" content=\"Educap\" \/>\n<meta property=\"article:publisher\" content=\"https:\/\/www.facebook.com\/educap.io\" \/>\n<meta property=\"article:modified_time\" content=\"2025-03-10T13:41:16+00:00\" \/>\n<meta property=\"og:image\" content=\"https:\/\/educap.io\/wp-content\/uploads\/2024\/01\/back-school-happy-time-cute-industrious-child-is-sitting-desk-indoors_1-removebg-preview-1-1.png\" \/>\n<meta name=\"twitter:card\" content=\"summary_large_image\" \/>\n<meta name=\"twitter:label1\" content=\"Dur\u00e9e de lecture estim\u00e9e\" \/>\n\t<meta name=\"twitter:data1\" content=\"4 minutes\" \/>\n<script type=\"application\/ld+json\" class=\"yoast-schema-graph\">{\"@context\":\"https:\/\/schema.org\",\"@graph\":[{\"@type\":\"WebPage\",\"@id\":\"https:\/\/educap.io\/outils-scolaires\/\",\"url\":\"https:\/\/educap.io\/outils-scolaires\/\",\"name\":\"Outils scolaires\",\"isPartOf\":{\"@id\":\"https:\/\/educap.io\/#website\"},\"primaryImageOfPage\":{\"@id\":\"https:\/\/educap.io\/outils-scolaires\/#primaryimage\"},\"image\":{\"@id\":\"https:\/\/educap.io\/outils-scolaires\/#primaryimage\"},\"thumbnailUrl\":\"https:\/\/educap.io\/wp-content\/uploads\/2024\/01\/back-school-happy-time-cute-industrious-child-is-sitting-desk-indoors_1-removebg-preview-1-1.png\",\"datePublished\":\"2024-01-29T15:29:32+00:00\",\"dateModified\":\"2025-03-10T13:41:16+00:00\",\"breadcrumb\":{\"@id\":\"https:\/\/educap.io\/outils-scolaires\/#breadcrumb\"},\"inLanguage\":\"fr-FR\",\"potentialAction\":[{\"@type\":\"ReadAction\",\"target\":[\"https:\/\/educap.io\/outils-scolaires\/\"]}]},{\"@type\":\"ImageObject\",\"inLanguage\":\"fr-FR\",\"@id\":\"https:\/\/educap.io\/outils-scolaires\/#primaryimage\",\"url\":\"https:\/\/educap.io\/wp-content\/uploads\/2024\/01\/back-school-happy-time-cute-industrious-child-is-sitting-desk-indoors_1-removebg-preview-1-1.png\",\"contentUrl\":\"https:\/\/educap.io\/wp-content\/uploads\/2024\/01\/back-school-happy-time-cute-industrious-child-is-sitting-desk-indoors_1-removebg-preview-1-1.png\"},{\"@type\":\"BreadcrumbList\",\"@id\":\"https:\/\/educap.io\/outils-scolaires\/#breadcrumb\",\"itemListElement\":[{\"@type\":\"ListItem\",\"position\":1,\"name\":\"Accueil\",\"item\":\"https:\/\/educap.io\/fr_fr\/\"},{\"@type\":\"ListItem\",\"position\":2,\"name\":\"Outils scolaires\"}]},{\"@type\":\"WebSite\",\"@id\":\"https:\/\/educap.io\/#website\",\"url\":\"https:\/\/educap.io\/\",\"name\":\"Educap\",\"description\":\"\",\"potentialAction\":[{\"@type\":\"SearchAction\",\"target\":{\"@type\":\"EntryPoint\",\"urlTemplate\":\"https:\/\/educap.io\/?s={search_term_string}\"},\"query-input\":{\"@type\":\"PropertyValueSpecification\",\"valueRequired\":true,\"valueName\":\"search_term_string\"}}],\"inLanguage\":\"fr-FR\"}]}<\/script>\n<!-- \/ Yoast SEO plugin. -->","yoast_head_json":{"title":"Outils scolaires","robots":{"index":"index","follow":"follow","max-snippet":"max-snippet:-1","max-image-preview":"max-image-preview:large","max-video-preview":"max-video-preview:-1"},"canonical":"https:\/\/educap.io\/fr_fr\/outils-scolaires\/","og_locale":"fr_FR","og_type":"article","og_title":"Outils scolaires","og_description":"Outils scolaires 01 \u00ab\u00a0>\u00a0\u00bb>Gestion de scolarit\u00e9 En savoir plus 02 Logiciel de gestion de scolarit\u00e9\u00a0\u00bb> En savoir plus 03 Ent des \u00e9coles primaires En savoir plus 04 Solution de gestion de scolarit\u00e9 En savoir plus 05 ENT des \u00e9coles priv\u00e9es En savoir plus 06 Solution scolaire En savoir plus 07 Logiciel scolaire En savoir plus [&hellip;]","og_url":"https:\/\/educap.io\/fr_fr\/outils-scolaires\/","og_site_name":"Educap","article_publisher":"https:\/\/www.facebook.com\/educap.io","article_modified_time":"2025-03-10T13:41:16+00:00","og_image":[{"url":"https:\/\/educap.io\/wp-content\/uploads\/2024\/01\/back-school-happy-time-cute-industrious-child-is-sitting-desk-indoors_1-removebg-preview-1-1.png","type":"","width":"","height":""}],"twitter_card":"summary_large_image","twitter_misc":{"Dur\u00e9e de lecture estim\u00e9e":"4 minutes"},"schema":{"@context":"https:\/\/schema.org","@graph":[{"@type":"WebPage","@id":"https:\/\/educap.io\/outils-scolaires\/","url":"https:\/\/educap.io\/outils-scolaires\/","name":"Outils scolaires","isPartOf":{"@id":"https:\/\/educap.io\/#website"},"primaryImageOfPage":{"@id":"https:\/\/educap.io\/outils-scolaires\/#primaryimage"},"image":{"@id":"https:\/\/educap.io\/outils-scolaires\/#primaryimage"},"thumbnailUrl":"https:\/\/educap.io\/wp-content\/uploads\/2024\/01\/back-school-happy-time-cute-industrious-child-is-sitting-desk-indoors_1-removebg-preview-1-1.png","datePublished":"2024-01-29T15:29:32+00:00","dateModified":"2025-03-10T13:41:16+00:00","breadcrumb":{"@id":"https:\/\/educap.io\/outils-scolaires\/#breadcrumb"},"inLanguage":"fr-FR","potentialAction":[{"@type":"ReadAction","target":["https:\/\/educap.io\/outils-scolaires\/"]}]},{"@type":"ImageObject","inLanguage":"fr-FR","@id":"https:\/\/educap.io\/outils-scolaires\/#primaryimage","url":"https:\/\/educap.io\/wp-content\/uploads\/2024\/01\/back-school-happy-time-cute-industrious-child-is-sitting-desk-indoors_1-removebg-preview-1-1.png","contentUrl":"https:\/\/educap.io\/wp-content\/uploads\/2024\/01\/back-school-happy-time-cute-industrious-child-is-sitting-desk-indoors_1-removebg-preview-1-1.png"},{"@type":"BreadcrumbList","@id":"https:\/\/educap.io\/outils-scolaires\/#breadcrumb","itemListElement":[{"@type":"ListItem","position":1,"name":"Accueil","item":"https:\/\/educap.io\/fr_fr\/"},{"@type":"ListItem","position":2,"name":"Outils scolaires"}]},{"@type":"WebSite","@id":"https:\/\/educap.io\/#website","url":"https:\/\/educap.io\/","name":"Educap","description":"","potentialAction":[{"@type":"SearchAction","target":{"@type":"EntryPoint","urlTemplate":"https:\/\/educap.io\/?s={search_term_string}"},"query-input":{"@type":"PropertyValueSpecification","valueRequired":true,"valueName":"search_term_string"}}],"inLanguage":"fr-FR"}]}},"_links":{"self":[{"href":"https:\/\/educap.io\/fr_fr\/wp-json\/wp\/v2\/pages\/2625","targetHints":{"allow":["GET"]}}],"collection":[{"href":"https:\/\/educap.io\/fr_fr\/wp-json\/wp\/v2\/pages"}],"about":[{"href":"https:\/\/educap.io\/fr_fr\/wp-json\/wp\/v2\/types\/page"}],"author":[{"embeddable":true,"href":"https:\/\/educap.io\/fr_fr\/wp-json\/wp\/v2\/users\/8"}],"replies":[{"embeddable":true,"href":"https:\/\/educap.io\/fr_fr\/wp-json\/wp\/v2\/comments?post=2625"}],"version-history":[{"count":178,"href":"https:\/\/educap.io\/fr_fr\/wp-json\/wp\/v2\/pages\/2625\/revisions"}],"predecessor-version":[{"id":3770,"href":"https:\/\/educap.io\/fr_fr\/wp-json\/wp\/v2\/pages\/2625\/revisions\/3770"}],"wp:attachment":[{"href":"https:\/\/educap.io\/fr_fr\/wp-json\/wp\/v2\/media?parent=2625"}],"curies":[{"name":"wp","href":"https:\/\/api.w.org\/{rel}","templated":true}]}}