{"id":19,"date":"2023-04-30T18:20:23","date_gmt":"2023-04-30T18:20:23","guid":{"rendered":"http:\/\/educap.mania.tn\/?page_id=19"},"modified":"2023-06-02T23:57:45","modified_gmt":"2023-06-02T23:57:45","slug":"faq","status":"publish","type":"page","link":"https:\/\/educap.io\/fr_fr\/faq\/","title":{"rendered":"FAQ"},"content":{"rendered":"\t\t<div data-elementor-type=\"wp-page\" data-elementor-id=\"19\" class=\"elementor elementor-19\" data-elementor-post-type=\"page\">\n\t\t\t\t\t\t<section class=\"elementor-section elementor-top-section elementor-element elementor-element-20fff40 elementor-section-boxed elementor-section-height-default elementor-section-height-default\" data-id=\"20fff40\" data-element_type=\"section\" data-settings=\"{&quot;background_background&quot;:&quot;gradient&quot;}\">\n\t\t\t\t\t\t<div class=\"elementor-container elementor-column-gap-default\">\n\t\t\t\t\t<div class=\"elementor-column elementor-col-100 elementor-top-column elementor-element elementor-element-ea5cc21\" data-id=\"ea5cc21\" data-element_type=\"column\">\n\t\t\t<div class=\"elementor-widget-wrap elementor-element-populated\">\n\t\t\t\t\t\t<div class=\"elementor-element elementor-element-f91b223 elementor-widget elementor-widget-heading\" data-id=\"f91b223\" data-element_type=\"widget\" data-widget_type=\"heading.default\">\n\t\t\t\t<div class=\"elementor-widget-container\">\n\t\t\t\t\t<h1 class=\"elementor-heading-title elementor-size-default\">Questions \/ R\u00e9ponses<\/h1>\t\t\t\t<\/div>\n\t\t\t\t<\/div>\n\t\t\t\t\t<\/div>\n\t\t<\/div>\n\t\t\t\t\t<\/div>\n\t\t<\/section>\n\t\t\t\t<section class=\"elementor-section elementor-top-section elementor-element elementor-element-3dfca52 elementor-section-boxed elementor-section-height-default elementor-section-height-default\" data-id=\"3dfca52\" data-element_type=\"section\">\n\t\t\t\t\t\t<div class=\"elementor-container elementor-column-gap-default\">\n\t\t\t\t\t<div class=\"elementor-column elementor-col-100 elementor-top-column elementor-element elementor-element-1e03342\" data-id=\"1e03342\" data-element_type=\"column\">\n\t\t\t<div class=\"elementor-widget-wrap elementor-element-populated\">\n\t\t\t\t\t\t<div class=\"elementor-element elementor-element-d585814 elementor-widget elementor-widget-toggle\" data-id=\"d585814\" data-element_type=\"widget\" id=\"faq\" data-widget_type=\"toggle.default\">\n\t\t\t\t<div class=\"elementor-widget-container\">\n\t\t\t\t\t\t\t<div class=\"elementor-toggle\">\n\t\t\t\t\t\t\t<div class=\"elementor-toggle-item\">\n\t\t\t\t\t<div id=\"elementor-tab-title-2231\" class=\"elementor-tab-title\" data-tab=\"1\" role=\"button\" aria-controls=\"elementor-tab-content-2231\" aria-expanded=\"false\">\n\t\t\t\t\t\t\t\t\t\t\t\t<span class=\"elementor-toggle-icon elementor-toggle-icon-left\" aria-hidden=\"true\">\n\t\t\t\t\t\t\t\t\t\t\t\t\t\t\t<span class=\"elementor-toggle-icon-closed\"><i class=\"fas fa-caret-right\"><\/i><\/span>\n\t\t\t\t\t\t\t\t<span class=\"elementor-toggle-icon-opened\"><i class=\"elementor-toggle-icon-opened fas fa-caret-up\"><\/i><\/span>\n\t\t\t\t\t\t\t\t\t\t\t\t\t<\/span>\n\t\t\t\t\t\t\t\t\t\t\t\t<a class=\"elementor-toggle-title\" tabindex=\"0\">Educap, c\u2019est quoi ?<\/a>\n\t\t\t\t\t<\/div>\n\n\t\t\t\t\t<div id=\"elementor-tab-content-2231\" class=\"elementor-tab-content elementor-clearfix\" data-tab=\"1\" role=\"region\" aria-labelledby=\"elementor-tab-title-2231\">Educap est une plateforme num\u00e9rique de gestion d&rsquo;\u00e9tablissement scolaire et de vie\nscolaire, une solution en ligne qui permet \u00e0 l&rsquo;\u00e9quipe \u00e9ducative, aux \u00e9l\u00e8ves et aux parents de\ncommuniquer et de collaborer de mani\u00e8re efficace. Cet outil permet notamment de g\u00e9rer les\nemplois du temps, les absences, les notes, les devoirs, les activit\u00e9s p\u00e9riscolaires, etc.<\/div>\n\t\t\t\t<\/div>\n\t\t\t\t\t\t\t<div class=\"elementor-toggle-item\">\n\t\t\t\t\t<div id=\"elementor-tab-title-2232\" class=\"elementor-tab-title\" data-tab=\"2\" role=\"button\" aria-controls=\"elementor-tab-content-2232\" aria-expanded=\"false\">\n\t\t\t\t\t\t\t\t\t\t\t\t<span class=\"elementor-toggle-icon elementor-toggle-icon-left\" aria-hidden=\"true\">\n\t\t\t\t\t\t\t\t\t\t\t\t\t\t\t<span class=\"elementor-toggle-icon-closed\"><i class=\"fas fa-caret-right\"><\/i><\/span>\n\t\t\t\t\t\t\t\t<span class=\"elementor-toggle-icon-opened\"><i class=\"elementor-toggle-icon-opened fas fa-caret-up\"><\/i><\/span>\n\t\t\t\t\t\t\t\t\t\t\t\t\t<\/span>\n\t\t\t\t\t\t\t\t\t\t\t\t<a class=\"elementor-toggle-title\" tabindex=\"0\">Comment acc\u00e9der \u00e0 Educap ?<\/a>\n\t\t\t\t\t<\/div>\n\n\t\t\t\t\t<div id=\"elementor-tab-content-2232\" class=\"elementor-tab-content elementor-clearfix\" data-tab=\"2\" role=\"region\" aria-labelledby=\"elementor-tab-title-2232\">L&#39;acc\u00e8s \u00e0 Educap se fait via un lien fourni par l&#39;\u00e9tablissement scolaire. Vous pouvez\n\u00e9galement t\u00e9l\u00e9charger l\u2019application mobile d\u00e9di\u00e9e pour acc\u00e9der \u00e0 votre espace num\u00e9rique\nsur votre smartphone ou votre tablette.<\/div>\n\t\t\t\t<\/div>\n\t\t\t\t\t\t\t<div class=\"elementor-toggle-item\">\n\t\t\t\t\t<div id=\"elementor-tab-title-2233\" class=\"elementor-tab-title\" data-tab=\"3\" role=\"button\" aria-controls=\"elementor-tab-content-2233\" aria-expanded=\"false\">\n\t\t\t\t\t\t\t\t\t\t\t\t<span class=\"elementor-toggle-icon elementor-toggle-icon-left\" aria-hidden=\"true\">\n\t\t\t\t\t\t\t\t\t\t\t\t\t\t\t<span class=\"elementor-toggle-icon-closed\"><i class=\"fas fa-caret-right\"><\/i><\/span>\n\t\t\t\t\t\t\t\t<span class=\"elementor-toggle-icon-opened\"><i class=\"elementor-toggle-icon-opened fas fa-caret-up\"><\/i><\/span>\n\t\t\t\t\t\t\t\t\t\t\t\t\t<\/span>\n\t\t\t\t\t\t\t\t\t\t\t\t<a class=\"elementor-toggle-title\" tabindex=\"0\">Qui peut acc\u00e9der \u00e0 Educap ?<\/a>\n\t\t\t\t\t<\/div>\n\n\t\t\t\t\t<div id=\"elementor-tab-content-2233\" class=\"elementor-tab-content elementor-clearfix\" data-tab=\"3\" role=\"region\" aria-labelledby=\"elementor-tab-title-2233\">Educap est accessible aux gestionnaires d\u2019\u00e9tablissement scolaires, aux enseignants,\naux \u00e9l\u00e8ves et \u00e0 leurs parents. Les diff\u00e9rents utilisateurs ont un acc\u00e8s limit\u00e9 aux\nfonctionnalit\u00e9s en fonction de leur profil.<\/div>\n\t\t\t\t<\/div>\n\t\t\t\t\t\t\t<div class=\"elementor-toggle-item\">\n\t\t\t\t\t<div id=\"elementor-tab-title-2234\" class=\"elementor-tab-title\" data-tab=\"4\" role=\"button\" aria-controls=\"elementor-tab-content-2234\" aria-expanded=\"false\">\n\t\t\t\t\t\t\t\t\t\t\t\t<span class=\"elementor-toggle-icon elementor-toggle-icon-left\" aria-hidden=\"true\">\n\t\t\t\t\t\t\t\t\t\t\t\t\t\t\t<span class=\"elementor-toggle-icon-closed\"><i class=\"fas fa-caret-right\"><\/i><\/span>\n\t\t\t\t\t\t\t\t<span class=\"elementor-toggle-icon-opened\"><i class=\"elementor-toggle-icon-opened fas fa-caret-up\"><\/i><\/span>\n\t\t\t\t\t\t\t\t\t\t\t\t\t<\/span>\n\t\t\t\t\t\t\t\t\t\t\t\t<a class=\"elementor-toggle-title\" tabindex=\"0\">Comment utiliser Educap ?<\/a>\n\t\t\t\t\t<\/div>\n\n\t\t\t\t\t<div id=\"elementor-tab-content-2234\" class=\"elementor-tab-content elementor-clearfix\" data-tab=\"4\" role=\"region\" aria-labelledby=\"elementor-tab-title-2234\">L&rsquo;utilisation de Educap varie en fonction de votre profil. Les enseignants peuvent utiliser\nla plateforme pour cr\u00e9er des emplois du temps, g\u00e9rer les notes et les devoirs, partager des\nressources p\u00e9dagogiques, communiquer avec les \u00e9l\u00e8ves et les parents, etc. Les \u00e9l\u00e8ves\npeuvent utiliser l&rsquo;espace num\u00e9rique pour acc\u00e9der aux devoirs, aux notes, aux emplois du\ntemps, etc. Les parents peuvent utiliser la plateforme pour suivre la progression de leurs\nenfants, communiquer avec les enseignants, etc.<\/div>\n\t\t\t\t<\/div>\n\t\t\t\t\t\t\t<div class=\"elementor-toggle-item\">\n\t\t\t\t\t<div id=\"elementor-tab-title-2235\" class=\"elementor-tab-title\" data-tab=\"5\" role=\"button\" aria-controls=\"elementor-tab-content-2235\" aria-expanded=\"false\">\n\t\t\t\t\t\t\t\t\t\t\t\t<span class=\"elementor-toggle-icon elementor-toggle-icon-left\" aria-hidden=\"true\">\n\t\t\t\t\t\t\t\t\t\t\t\t\t\t\t<span class=\"elementor-toggle-icon-closed\"><i class=\"fas fa-caret-right\"><\/i><\/span>\n\t\t\t\t\t\t\t\t<span class=\"elementor-toggle-icon-opened\"><i class=\"elementor-toggle-icon-opened fas fa-caret-up\"><\/i><\/span>\n\t\t\t\t\t\t\t\t\t\t\t\t\t<\/span>\n\t\t\t\t\t\t\t\t\t\t\t\t<a class=\"elementor-toggle-title\" tabindex=\"0\">Comment signaler une absence ?<\/a>\n\t\t\t\t\t<\/div>\n\n\t\t\t\t\t<div id=\"elementor-tab-content-2235\" class=\"elementor-tab-content elementor-clearfix\" data-tab=\"5\" role=\"region\" aria-labelledby=\"elementor-tab-title-2235\">Les parents ou les \u00e9l\u00e8ves peuvent signaler une absence via l&rsquo;espace num\u00e9rique. Il suffit\nde se connecter \u00e0 la plateforme et de remplir le formulaire pr\u00e9vu \u00e0 cet effet. Les enseignants\npeuvent ensuite prendre connaissance de l&rsquo;absence et prendre les mesures n\u00e9cessaires.<\/div>\n\t\t\t\t<\/div>\n\t\t\t\t\t\t\t<div class=\"elementor-toggle-item\">\n\t\t\t\t\t<div id=\"elementor-tab-title-2236\" class=\"elementor-tab-title\" data-tab=\"6\" role=\"button\" aria-controls=\"elementor-tab-content-2236\" aria-expanded=\"false\">\n\t\t\t\t\t\t\t\t\t\t\t\t<span class=\"elementor-toggle-icon elementor-toggle-icon-left\" aria-hidden=\"true\">\n\t\t\t\t\t\t\t\t\t\t\t\t\t\t\t<span class=\"elementor-toggle-icon-closed\"><i class=\"fas fa-caret-right\"><\/i><\/span>\n\t\t\t\t\t\t\t\t<span class=\"elementor-toggle-icon-opened\"><i class=\"elementor-toggle-icon-opened fas fa-caret-up\"><\/i><\/span>\n\t\t\t\t\t\t\t\t\t\t\t\t\t<\/span>\n\t\t\t\t\t\t\t\t\t\t\t\t<a class=\"elementor-toggle-title\" tabindex=\"0\">Comment acc\u00e9der aux r\u00e9sultats scolaires ?<\/a>\n\t\t\t\t\t<\/div>\n\n\t\t\t\t\t<div id=\"elementor-tab-content-2236\" class=\"elementor-tab-content elementor-clearfix\" data-tab=\"6\" role=\"region\" aria-labelledby=\"elementor-tab-title-2236\">Les \u00e9l\u00e8ves et les parents peuvent acc\u00e9der aux r\u00e9sultats scolaires via l&rsquo;espace\nnum\u00e9rique. Il suffit de se connecter \u00e0 la plateforme et de consulter les notes dans l&rsquo;onglet\nd\u00e9di\u00e9.<\/div>\n\t\t\t\t<\/div>\n\t\t\t\t\t\t\t<div class=\"elementor-toggle-item\">\n\t\t\t\t\t<div id=\"elementor-tab-title-2237\" class=\"elementor-tab-title\" data-tab=\"7\" role=\"button\" aria-controls=\"elementor-tab-content-2237\" aria-expanded=\"false\">\n\t\t\t\t\t\t\t\t\t\t\t\t<span class=\"elementor-toggle-icon elementor-toggle-icon-left\" aria-hidden=\"true\">\n\t\t\t\t\t\t\t\t\t\t\t\t\t\t\t<span class=\"elementor-toggle-icon-closed\"><i class=\"fas fa-caret-right\"><\/i><\/span>\n\t\t\t\t\t\t\t\t<span class=\"elementor-toggle-icon-opened\"><i class=\"elementor-toggle-icon-opened fas fa-caret-up\"><\/i><\/span>\n\t\t\t\t\t\t\t\t\t\t\t\t\t<\/span>\n\t\t\t\t\t\t\t\t\t\t\t\t<a class=\"elementor-toggle-title\" tabindex=\"0\">Comment contacter un enseignant ?<\/a>\n\t\t\t\t\t<\/div>\n\n\t\t\t\t\t<div id=\"elementor-tab-content-2237\" class=\"elementor-tab-content elementor-clearfix\" data-tab=\"7\" role=\"region\" aria-labelledby=\"elementor-tab-title-2237\">Les \u00e9l\u00e8ves et les parents peuvent contacter un enseignant via la plateforme. Il suffit de\nse connecter \u00e0 l&rsquo;espace num\u00e9rique et de rechercher le profil de l&rsquo;enseignant pour acc\u00e9der \u00e0\nses coordonn\u00e9es. Les enseignants peuvent \u00e9galement communiquer avec les \u00e9l\u00e8ves et les\nparents via la plateforme<\/div>\n\t\t\t\t<\/div>\n\t\t\t\t\t\t\t\t\t\t<script type=\"application\/ld+json\">{\"@context\":\"https:\\\/\\\/schema.org\",\"@type\":\"FAQPage\",\"mainEntity\":[{\"@type\":\"Question\",\"name\":\"Educap, c\\u2019est quoi ?\",\"acceptedAnswer\":{\"@type\":\"Answer\",\"text\":\"Educap est une plateforme num\\u00e9rique de gestion d&rsquo;\\u00e9tablissement scolaire et de vie\\nscolaire, une solution en ligne qui permet \\u00e0 l&rsquo;\\u00e9quipe \\u00e9ducative, aux \\u00e9l\\u00e8ves et aux parents de\\ncommuniquer et de collaborer de mani\\u00e8re efficace. Cet outil permet notamment de g\\u00e9rer les\\nemplois du temps, les absences, les notes, les devoirs, les activit\\u00e9s p\\u00e9riscolaires, etc.\"}},{\"@type\":\"Question\",\"name\":\"Comment acc\\u00e9der \\u00e0 Educap ?\",\"acceptedAnswer\":{\"@type\":\"Answer\",\"text\":\"L&#39;acc\\u00e8s \\u00e0 Educap se fait via un lien fourni par l&#39;\\u00e9tablissement scolaire. Vous pouvez\\n\\u00e9galement t\\u00e9l\\u00e9charger l\\u2019application mobile d\\u00e9di\\u00e9e pour acc\\u00e9der \\u00e0 votre espace num\\u00e9rique\\nsur votre smartphone ou votre tablette.\"}},{\"@type\":\"Question\",\"name\":\"Qui peut acc\\u00e9der \\u00e0 Educap ?\",\"acceptedAnswer\":{\"@type\":\"Answer\",\"text\":\"Educap est accessible aux gestionnaires d\\u2019\\u00e9tablissement scolaires, aux enseignants,\\naux \\u00e9l\\u00e8ves et \\u00e0 leurs parents. Les diff\\u00e9rents utilisateurs ont un acc\\u00e8s limit\\u00e9 aux\\nfonctionnalit\\u00e9s en fonction de leur profil.\"}},{\"@type\":\"Question\",\"name\":\"Comment utiliser Educap ?\",\"acceptedAnswer\":{\"@type\":\"Answer\",\"text\":\"L&rsquo;utilisation de Educap varie en fonction de votre profil. Les enseignants peuvent utiliser\\nla plateforme pour cr\\u00e9er des emplois du temps, g\\u00e9rer les notes et les devoirs, partager des\\nressources p\\u00e9dagogiques, communiquer avec les \\u00e9l\\u00e8ves et les parents, etc. Les \\u00e9l\\u00e8ves\\npeuvent utiliser l&rsquo;espace num\\u00e9rique pour acc\\u00e9der aux devoirs, aux notes, aux emplois du\\ntemps, etc. Les parents peuvent utiliser la plateforme pour suivre la progression de leurs\\nenfants, communiquer avec les enseignants, etc.\"}},{\"@type\":\"Question\",\"name\":\"Comment signaler une absence ?\",\"acceptedAnswer\":{\"@type\":\"Answer\",\"text\":\"Les parents ou les \\u00e9l\\u00e8ves peuvent signaler une absence via l&rsquo;espace num\\u00e9rique. Il suffit\\nde se connecter \\u00e0 la plateforme et de remplir le formulaire pr\\u00e9vu \\u00e0 cet effet. Les enseignants\\npeuvent ensuite prendre connaissance de l&rsquo;absence et prendre les mesures n\\u00e9cessaires.\"}},{\"@type\":\"Question\",\"name\":\"Comment acc\\u00e9der aux r\\u00e9sultats scolaires ?\",\"acceptedAnswer\":{\"@type\":\"Answer\",\"text\":\"Les \\u00e9l\\u00e8ves et les parents peuvent acc\\u00e9der aux r\\u00e9sultats scolaires via l&rsquo;espace\\nnum\\u00e9rique. Il suffit de se connecter \\u00e0 la plateforme et de consulter les notes dans l&rsquo;onglet\\nd\\u00e9di\\u00e9.\"}},{\"@type\":\"Question\",\"name\":\"Comment contacter un enseignant ?\",\"acceptedAnswer\":{\"@type\":\"Answer\",\"text\":\"Les \\u00e9l\\u00e8ves et les parents peuvent contacter un enseignant via la plateforme. Il suffit de\\nse connecter \\u00e0 l&rsquo;espace num\\u00e9rique et de rechercher le profil de l&rsquo;enseignant pour acc\\u00e9der \\u00e0\\nses coordonn\\u00e9es. Les enseignants peuvent \\u00e9galement communiquer avec les \\u00e9l\\u00e8ves et les\\nparents via la plateforme\"}}]}<\/script>\n\t\t\t\t\t<\/div>\n\t\t\t\t\t\t<\/div>\n\t\t\t\t<\/div>\n\t\t\t\t\t<\/div>\n\t\t<\/div>\n\t\t\t\t\t<\/div>\n\t\t<\/section>\n\t\t\t\t<\/div>\n\t\t","protected":false},"excerpt":{"rendered":"<p>Questions \/ R\u00e9ponses Educap, c\u2019est quoi ? Educap est une plateforme num\u00e9rique de gestion d&rsquo;\u00e9tablissement scolaire et de vie scolaire, une solution en ligne qui permet \u00e0 l&rsquo;\u00e9quipe \u00e9ducative, aux \u00e9l\u00e8ves et aux parents de communiquer et de collaborer de mani\u00e8re efficace. Cet outil permet notamment de g\u00e9rer les emplois du temps, les absences, les [&hellip;]<\/p>\n","protected":false},"author":1,"featured_media":0,"parent":0,"menu_order":0,"comment_status":"closed","ping_status":"closed","template":"","meta":{"footnotes":""},"class_list":["post-19","page","type-page","status-publish","hentry"],"yoast_head":"<!-- This site is optimized with the Yoast SEO plugin v24.2 - https:\/\/yoast.com\/wordpress\/plugins\/seo\/ -->\n<title>FAQ - Educap<\/title>\n<meta name=\"robots\" content=\"index, follow, max-snippet:-1, max-image-preview:large, max-video-preview:-1\" \/>\n<link rel=\"canonical\" href=\"https:\/\/educap.io\/fr_fr\/faq\/\" \/>\n<meta property=\"og:locale\" content=\"fr_FR\" \/>\n<meta property=\"og:type\" content=\"article\" \/>\n<meta property=\"og:title\" content=\"FAQ - Educap\" \/>\n<meta property=\"og:description\" content=\"Questions \/ R\u00e9ponses Educap, c\u2019est quoi ? Educap est une plateforme num\u00e9rique de gestion d&rsquo;\u00e9tablissement scolaire et de vie scolaire, une solution en ligne qui permet \u00e0 l&rsquo;\u00e9quipe \u00e9ducative, aux \u00e9l\u00e8ves et aux parents de communiquer et de collaborer de mani\u00e8re efficace. Cet outil permet notamment de g\u00e9rer les emplois du temps, les absences, les [&hellip;]\" \/>\n<meta property=\"og:url\" content=\"https:\/\/educap.io\/fr_fr\/faq\/\" \/>\n<meta property=\"og:site_name\" content=\"Educap\" \/>\n<meta property=\"article:publisher\" content=\"https:\/\/www.facebook.com\/educap.io\" \/>\n<meta property=\"article:modified_time\" content=\"2023-06-02T23:57:45+00:00\" \/>\n<meta name=\"twitter:card\" content=\"summary_large_image\" \/>\n<meta name=\"twitter:label1\" content=\"Dur\u00e9e de lecture estim\u00e9e\" \/>\n\t<meta name=\"twitter:data1\" content=\"2 minutes\" \/>\n<script type=\"application\/ld+json\" class=\"yoast-schema-graph\">{\"@context\":\"https:\/\/schema.org\",\"@graph\":[{\"@type\":\"WebPage\",\"@id\":\"https:\/\/educap.io\/faq\/\",\"url\":\"https:\/\/educap.io\/faq\/\",\"name\":\"FAQ - Educap\",\"isPartOf\":{\"@id\":\"https:\/\/educap.io\/#website\"},\"datePublished\":\"2023-04-30T18:20:23+00:00\",\"dateModified\":\"2023-06-02T23:57:45+00:00\",\"breadcrumb\":{\"@id\":\"https:\/\/educap.io\/faq\/#breadcrumb\"},\"inLanguage\":\"fr-FR\",\"potentialAction\":[{\"@type\":\"ReadAction\",\"target\":[\"https:\/\/educap.io\/faq\/\"]}]},{\"@type\":\"BreadcrumbList\",\"@id\":\"https:\/\/educap.io\/faq\/#breadcrumb\",\"itemListElement\":[{\"@type\":\"ListItem\",\"position\":1,\"name\":\"Accueil\",\"item\":\"https:\/\/educap.io\/fr_fr\/\"},{\"@type\":\"ListItem\",\"position\":2,\"name\":\"FAQ\"}]},{\"@type\":\"WebSite\",\"@id\":\"https:\/\/educap.io\/#website\",\"url\":\"https:\/\/educap.io\/\",\"name\":\"Educap\",\"description\":\"\",\"potentialAction\":[{\"@type\":\"SearchAction\",\"target\":{\"@type\":\"EntryPoint\",\"urlTemplate\":\"https:\/\/educap.io\/?s={search_term_string}\"},\"query-input\":{\"@type\":\"PropertyValueSpecification\",\"valueRequired\":true,\"valueName\":\"search_term_string\"}}],\"inLanguage\":\"fr-FR\"}]}<\/script>\n<!-- \/ Yoast SEO plugin. -->","yoast_head_json":{"title":"FAQ - Educap","robots":{"index":"index","follow":"follow","max-snippet":"max-snippet:-1","max-image-preview":"max-image-preview:large","max-video-preview":"max-video-preview:-1"},"canonical":"https:\/\/educap.io\/fr_fr\/faq\/","og_locale":"fr_FR","og_type":"article","og_title":"FAQ - Educap","og_description":"Questions \/ R\u00e9ponses Educap, c\u2019est quoi ? Educap est une plateforme num\u00e9rique de gestion d&rsquo;\u00e9tablissement scolaire et de vie scolaire, une solution en ligne qui permet \u00e0 l&rsquo;\u00e9quipe \u00e9ducative, aux \u00e9l\u00e8ves et aux parents de communiquer et de collaborer de mani\u00e8re efficace. Cet outil permet notamment de g\u00e9rer les emplois du temps, les absences, les [&hellip;]","og_url":"https:\/\/educap.io\/fr_fr\/faq\/","og_site_name":"Educap","article_publisher":"https:\/\/www.facebook.com\/educap.io","article_modified_time":"2023-06-02T23:57:45+00:00","twitter_card":"summary_large_image","twitter_misc":{"Dur\u00e9e de lecture estim\u00e9e":"2 minutes"},"schema":{"@context":"https:\/\/schema.org","@graph":[{"@type":"WebPage","@id":"https:\/\/educap.io\/faq\/","url":"https:\/\/educap.io\/faq\/","name":"FAQ - Educap","isPartOf":{"@id":"https:\/\/educap.io\/#website"},"datePublished":"2023-04-30T18:20:23+00:00","dateModified":"2023-06-02T23:57:45+00:00","breadcrumb":{"@id":"https:\/\/educap.io\/faq\/#breadcrumb"},"inLanguage":"fr-FR","potentialAction":[{"@type":"ReadAction","target":["https:\/\/educap.io\/faq\/"]}]},{"@type":"BreadcrumbList","@id":"https:\/\/educap.io\/faq\/#breadcrumb","itemListElement":[{"@type":"ListItem","position":1,"name":"Accueil","item":"https:\/\/educap.io\/fr_fr\/"},{"@type":"ListItem","position":2,"name":"FAQ"}]},{"@type":"WebSite","@id":"https:\/\/educap.io\/#website","url":"https:\/\/educap.io\/","name":"Educap","description":"","potentialAction":[{"@type":"SearchAction","target":{"@type":"EntryPoint","urlTemplate":"https:\/\/educap.io\/?s={search_term_string}"},"query-input":{"@type":"PropertyValueSpecification","valueRequired":true,"valueName":"search_term_string"}}],"inLanguage":"fr-FR"}]}},"_links":{"self":[{"href":"https:\/\/educap.io\/fr_fr\/wp-json\/wp\/v2\/pages\/19","targetHints":{"allow":["GET"]}}],"collection":[{"href":"https:\/\/educap.io\/fr_fr\/wp-json\/wp\/v2\/pages"}],"about":[{"href":"https:\/\/educap.io\/fr_fr\/wp-json\/wp\/v2\/types\/page"}],"author":[{"embeddable":true,"href":"https:\/\/educap.io\/fr_fr\/wp-json\/wp\/v2\/users\/1"}],"replies":[{"embeddable":true,"href":"https:\/\/educap.io\/fr_fr\/wp-json\/wp\/v2\/comments?post=19"}],"version-history":[{"count":46,"href":"https:\/\/educap.io\/fr_fr\/wp-json\/wp\/v2\/pages\/19\/revisions"}],"predecessor-version":[{"id":1127,"href":"https:\/\/educap.io\/fr_fr\/wp-json\/wp\/v2\/pages\/19\/revisions\/1127"}],"wp:attachment":[{"href":"https:\/\/educap.io\/fr_fr\/wp-json\/wp\/v2\/media?parent=19"}],"curies":[{"name":"wp","href":"https:\/\/api.w.org\/{rel}","templated":true}]}}