{"id":2766,"date":"2024-01-30T10:38:38","date_gmt":"2024-01-30T10:38:38","guid":{"rendered":"https:\/\/educap.io\/?page_id=2766"},"modified":"2024-04-12T11:24:18","modified_gmt":"2024-04-12T11:24:18","slug":"solution-scolaire-2","status":"publish","type":"page","link":"https:\/\/educap.io\/en\/outils-scolaires\/solution-scolaire-2\/","title":{"rendered":"Solution scolaire"},"content":{"rendered":"<div data-elementor-type=\"wp-page\" data-elementor-id=\"2766\" class=\"elementor elementor-2766\" data-elementor-post-type=\"page\">\n\t\t\t\t\t\t<section class=\"elementor-section elementor-top-section elementor-element elementor-element-775d417 elementor-section-boxed elementor-section-height-default elementor-section-height-default\" data-id=\"775d417\" data-element_type=\"section\" data-settings=\"{&quot;background_background&quot;:&quot;gradient&quot;}\">\n\t\t\t\t\t\t<div class=\"elementor-container elementor-column-gap-default\">\n\t\t\t\t\t<div class=\"elementor-column elementor-col-100 elementor-top-column elementor-element elementor-element-0bb5e30\" data-id=\"0bb5e30\" data-element_type=\"column\">\n\t\t\t<div class=\"elementor-widget-wrap elementor-element-populated\">\n\t\t\t\t\t\t<div class=\"elementor-element elementor-element-bddc778 elementor-widget elementor-widget-heading\" data-id=\"bddc778\" data-element_type=\"widget\" data-widget_type=\"heading.default\">\n\t\t\t\t<div class=\"elementor-widget-container\">\n\t\t\t\t\t<h1 class=\"elementor-heading-title elementor-size-default\">Outils scolaires<\/h1>\t\t\t\t<\/div>\n\t\t\t\t<\/div>\n\t\t\t\t\t<\/div>\n\t\t<\/div>\n\t\t\t\t\t<\/div>\n\t\t<\/section>\n\t\t\t\t<section class=\"elementor-section elementor-top-section elementor-element elementor-element-771b9a8 elementor-section-boxed elementor-section-height-default elementor-section-height-default\" data-id=\"771b9a8\" data-element_type=\"section\">\n\t\t\t\t\t\t<div class=\"elementor-container elementor-column-gap-default\">\n\t\t\t\t\t<div class=\"elementor-column elementor-col-100 elementor-top-column elementor-element elementor-element-074c173\" data-id=\"074c173\" data-element_type=\"column\">\n\t\t\t<div class=\"elementor-widget-wrap elementor-element-populated\">\n\t\t\t\t\t\t<div class=\"elementor-element elementor-element-5fad625 elementor-widget elementor-widget-spacer\" data-id=\"5fad625\" data-element_type=\"widget\" data-widget_type=\"spacer.default\">\n\t\t\t\t<div class=\"elementor-widget-container\">\n\t\t\t\t\t\t\t<div class=\"elementor-spacer\">\n\t\t\t<div class=\"elementor-spacer-inner\"><\/div>\n\t\t<\/div>\n\t\t\t\t\t\t<\/div>\n\t\t\t\t<\/div>\n\t\t\t\t\t<\/div>\n\t\t<\/div>\n\t\t\t\t\t<\/div>\n\t\t<\/section>\n\t\t\t\t<section class=\"elementor-section elementor-top-section elementor-element elementor-element-b63ee52 elementor-section-boxed elementor-section-height-default elementor-section-height-default\" data-id=\"b63ee52\" data-element_type=\"section\">\n\t\t\t\t\t\t<div class=\"elementor-container elementor-column-gap-default\">\n\t\t\t\t\t<div class=\"elementor-column elementor-col-33 elementor-top-column elementor-element elementor-element-c3b1b3d\" data-id=\"c3b1b3d\" data-element_type=\"column\">\n\t\t\t<div class=\"elementor-widget-wrap elementor-element-populated\">\n\t\t\t\t\t\t<div class=\"elementor-element elementor-element-a93db5b elementor-widget__width-initial elementor-widget elementor-widget-image\" data-id=\"a93db5b\" data-element_type=\"widget\" data-widget_type=\"image.default\">\n\t\t\t\t<div class=\"elementor-widget-container\">\n\t\t\t\t\t\t\t\t\t\t\t\t\t\t\t<img decoding=\"async\" width=\"159\" height=\"143\" src=\"https:\/\/educap.io\/wp-content\/uploads\/2024\/01\/Vector-5-1.png\" class=\"attachment-large size-large wp-image-2656\" alt=\"\" \/>\t\t\t\t\t\t\t\t\t\t\t\t\t\t\t<\/div>\n\t\t\t\t<\/div>\n\t\t\t\t\t<\/div>\n\t\t<\/div>\n\t\t\t\t<div class=\"elementor-column elementor-col-33 elementor-top-column elementor-element elementor-element-94a1f1f\" data-id=\"94a1f1f\" data-element_type=\"column\">\n\t\t\t<div class=\"elementor-widget-wrap elementor-element-populated\">\n\t\t\t\t\t\t<div class=\"elementor-element elementor-element-1450d45 elementor-widget elementor-widget-spacer\" data-id=\"1450d45\" data-element_type=\"widget\" data-widget_type=\"spacer.default\">\n\t\t\t\t<div class=\"elementor-widget-container\">\n\t\t\t\t\t\t\t<div class=\"elementor-spacer\">\n\t\t\t<div class=\"elementor-spacer-inner\"><\/div>\n\t\t<\/div>\n\t\t\t\t\t\t<\/div>\n\t\t\t\t<\/div>\n\t\t\t\t<div class=\"elementor-element elementor-element-626a87c elementor-widget elementor-widget-heading\" data-id=\"626a87c\" data-element_type=\"widget\" data-widget_type=\"heading.default\">\n\t\t\t\t<div class=\"elementor-widget-container\">\n\t\t\t\t\t<h2 class=\"elementor-heading-title elementor-size-default\">Solution scolaire <\/h2>\t\t\t\t<\/div>\n\t\t\t\t<\/div>\n\t\t\t\t\t<\/div>\n\t\t<\/div>\n\t\t\t\t<div class=\"elementor-column elementor-col-33 elementor-top-column elementor-element elementor-element-5697f04\" data-id=\"5697f04\" data-element_type=\"column\">\n\t\t\t<div class=\"elementor-widget-wrap elementor-element-populated\">\n\t\t\t\t\t\t<div class=\"elementor-element elementor-element-4a2c92f elementor-widget elementor-widget-image\" data-id=\"4a2c92f\" data-element_type=\"widget\" data-widget_type=\"image.default\">\n\t\t\t\t<div class=\"elementor-widget-container\">\n\t\t\t\t\t\t\t\t\t\t\t\t\t\t\t<img decoding=\"async\" width=\"174\" height=\"172\" src=\"https:\/\/educap.io\/wp-content\/uploads\/2024\/01\/portrait-schoolgirl-memphis-background_1-removebg-preview-1-3.png\" class=\"attachment-large size-large wp-image-2660\" alt=\"\" \/>\t\t\t\t\t\t\t\t\t\t\t\t\t\t\t<\/div>\n\t\t\t\t<\/div>\n\t\t\t\t\t<\/div>\n\t\t<\/div>\n\t\t\t\t\t<\/div>\n\t\t<\/section>\n\t\t\t\t<section class=\"elementor-section elementor-top-section elementor-element elementor-element-6d3fd61 elementor-section-boxed elementor-section-height-default elementor-section-height-default\" data-id=\"6d3fd61\" data-element_type=\"section\">\n\t\t\t\t\t\t<div class=\"elementor-container elementor-column-gap-no\">\n\t\t\t\t\t<div data-tp-sc-link=\"https:\/\/educap.io\/outils-scolaires\/solution-scolaire\/solution-scolaire-complete\/\" data-tp-sc-link-external=\"\" style=\"cursor: pointer\" class=\"elementor-column elementor-col-100 elementor-top-column elementor-element elementor-element-2a07e7f\" data-id=\"2a07e7f\" data-element_type=\"column\" data-settings=\"{&quot;background_background&quot;:&quot;slideshow&quot;,&quot;background_slideshow_gallery&quot;:[{&quot;id&quot;:2667,&quot;url&quot;:&quot;https:\\\/\\\/educap.io\\\/wp-content\\\/uploads\\\/2024\\\/01\\\/Group-402-1.png&quot;}],&quot;background_slideshow_loop&quot;:&quot;yes&quot;,&quot;background_slideshow_slide_duration&quot;:5000,&quot;background_slideshow_slide_transition&quot;:&quot;fade&quot;,&quot;background_slideshow_transition_duration&quot;:500}\">\n\t\t\t<div class=\"elementor-widget-wrap elementor-element-populated\">\n\t\t\t\t\t\t<div class=\"elementor-element elementor-element-3a7348f elementor-widget__width-initial elementor-widget elementor-widget-heading\" data-id=\"3a7348f\" data-element_type=\"widget\" data-widget_type=\"heading.default\">\n\t\t\t\t<div class=\"elementor-widget-container\">\n\t\t\t\t\t<h2 class=\"elementor-heading-title elementor-size-default\">01<\/h2>\t\t\t\t<\/div>\n\t\t\t\t<\/div>\n\t\t\t\t<div class=\"elementor-element elementor-element-6247bae elementor-widget elementor-widget-heading\" data-id=\"6247bae\" data-element_type=\"widget\" data-widget_type=\"heading.default\">\n\t\t\t\t<div class=\"elementor-widget-container\">\n\t\t\t\t\t<h2 class=\"elementor-heading-title elementor-size-default\">Solution scolaire compl\u00e8te <\/h2>\t\t\t\t<\/div>\n\t\t\t\t<\/div>\n\t\t\t\t<div class=\"elementor-element elementor-element-d7d5691 elementor-widget__width-initial elementor-widget elementor-widget-heading\" data-id=\"d7d5691\" data-element_type=\"widget\" data-widget_type=\"heading.default\">\n\t\t\t\t<div class=\"elementor-widget-container\">\n\t\t\t\t\t<h2 class=\"elementor-heading-title elementor-size-default\">Dans un monde o\u00f9 l'\u00e9ducation est la cl\u00e9 pour d\u00e9verrouiller un avenir plus prometteur, trouver une solution compl\u00e8te devient essentiel. Bienvenue ! Aujourd'hui, plongeons dans le domaine de la solution scolaire compl\u00e8te...<\/h2>\t\t\t\t<\/div>\n\t\t\t\t<\/div>\n\t\t\t\t\t<\/div>\n\t\t<\/div>\n\t\t\t\t\t<\/div>\n\t\t<\/section>\n\t\t\t\t<section class=\"elementor-section elementor-top-section elementor-element elementor-element-4b4ed0e elementor-section-boxed elementor-section-height-default elementor-section-height-default\" data-id=\"4b4ed0e\" data-element_type=\"section\">\n\t\t\t\t\t\t<div class=\"elementor-container elementor-column-gap-no\">\n\t\t\t\t\t<div data-tp-sc-link=\"https:\/\/educap.io\/outils-scolaires\/solution-scolaire\/solution-scolaire-personnalisee\/\" data-tp-sc-link-external=\"\" style=\"cursor: pointer\" class=\"elementor-column elementor-col-100 elementor-top-column elementor-element elementor-element-abc19d6\" data-id=\"abc19d6\" data-element_type=\"column\" data-settings=\"{&quot;background_background&quot;:&quot;slideshow&quot;,&quot;background_slideshow_gallery&quot;:[{&quot;id&quot;:2668,&quot;url&quot;:&quot;https:\\\/\\\/educap.io\\\/wp-content\\\/uploads\\\/2024\\\/01\\\/Group-403.png&quot;}],&quot;background_slideshow_loop&quot;:&quot;yes&quot;,&quot;background_slideshow_slide_duration&quot;:5000,&quot;background_slideshow_slide_transition&quot;:&quot;fade&quot;,&quot;background_slideshow_transition_duration&quot;:500}\">\n\t\t\t<div class=\"elementor-widget-wrap elementor-element-populated\">\n\t\t\t\t\t\t<div class=\"elementor-element elementor-element-327aa5a elementor-widget__width-initial elementor-widget elementor-widget-heading\" data-id=\"327aa5a\" data-element_type=\"widget\" data-widget_type=\"heading.default\">\n\t\t\t\t<div class=\"elementor-widget-container\">\n\t\t\t\t\t<h2 class=\"elementor-heading-title elementor-size-default\">02<\/h2>\t\t\t\t<\/div>\n\t\t\t\t<\/div>\n\t\t\t\t<div class=\"elementor-element elementor-element-71f401d elementor-widget elementor-widget-heading\" data-id=\"71f401d\" data-element_type=\"widget\" data-widget_type=\"heading.default\">\n\t\t\t\t<div class=\"elementor-widget-container\">\n\t\t\t\t\t<h2 class=\"elementor-heading-title elementor-size-default\">Solution scolaire personnalis\u00e9e<\/h2>\t\t\t\t<\/div>\n\t\t\t\t<\/div>\n\t\t\t\t<div class=\"elementor-element elementor-element-8301038 elementor-widget__width-initial elementor-widget elementor-widget-heading\" data-id=\"8301038\" data-element_type=\"widget\" data-widget_type=\"heading.default\">\n\t\t\t\t<div class=\"elementor-widget-container\">\n\t\t\t\t\t<h2 class=\"elementor-heading-title elementor-size-default\">Dans cet article, nous plongerons dans les profondeurs de cette solution, explorant comment elle fa\u00e7onne l'apprentissage pour r\u00e9pondre aux besoins individuels...&lt;span data-metadata=&quot;<!--(figmeta)eyJmaWxlS2V5IjoiNDZpZ0ZKYlpudG94ZUYxR2U1bHV4VyIsInBhc3RlSUQiOjEzNDExMTg5MDcsImRhdGFUeXBlIjoic2NlbmUifQo=(\/figmeta)-->\"&gt;<\/span><\/h2>\t\t\t\t<\/div>\n\t\t\t\t<\/div>\n\t\t\t\t\t<\/div>\n\t\t<\/div>\n\t\t\t\t\t<\/div>\n\t\t<\/section>\n\t\t\t\t<section class=\"elementor-section elementor-top-section elementor-element elementor-element-30df040 elementor-section-boxed elementor-section-height-default elementor-section-height-default\" data-id=\"30df040\" data-element_type=\"section\">\n\t\t\t\t\t\t<div class=\"elementor-container elementor-column-gap-no\">\n\t\t\t\t\t<div class=\"elementor-column elementor-col-100 elementor-top-column elementor-element elementor-element-1fdf2bb\" data-id=\"1fdf2bb\" data-element_type=\"column\" data-settings=\"{&quot;background_background&quot;:&quot;slideshow&quot;,&quot;background_slideshow_gallery&quot;:[{&quot;id&quot;:2667,&quot;url&quot;:&quot;https:\\\/\\\/educap.io\\\/wp-content\\\/uploads\\\/2024\\\/01\\\/Group-402-1.png&quot;}],&quot;background_slideshow_loop&quot;:&quot;yes&quot;,&quot;background_slideshow_slide_duration&quot;:5000,&quot;background_slideshow_slide_transition&quot;:&quot;fade&quot;,&quot;background_slideshow_transition_duration&quot;:500}\">\n\t\t\t<div class=\"elementor-widget-wrap elementor-element-populated\">\n\t\t\t\t\t\t<div class=\"elementor-element elementor-element-cabf49c elementor-widget__width-initial elementor-widget elementor-widget-heading\" data-id=\"cabf49c\" data-element_type=\"widget\" data-widget_type=\"heading.default\">\n\t\t\t\t<div class=\"elementor-widget-container\">\n\t\t\t\t\t<h2 class=\"elementor-heading-title elementor-size-default\">03<\/h2>\t\t\t\t<\/div>\n\t\t\t\t<\/div>\n\t\t\t\t<div class=\"elementor-element elementor-element-a8e94ef elementor-widget elementor-widget-heading\" data-id=\"a8e94ef\" data-element_type=\"widget\" data-widget_type=\"heading.default\">\n\t\t\t\t<div class=\"elementor-widget-container\">\n\t\t\t\t\t<h2 class=\"elementor-heading-title elementor-size-default\">Solution scolaire e mode SaaS<\/h2>\t\t\t\t<\/div>\n\t\t\t\t<\/div>\n\t\t\t\t\t<\/div>\n\t\t<\/div>\n\t\t\t\t\t<\/div>\n\t\t<\/section>\n\t\t\t\t<section class=\"elementor-section elementor-top-section elementor-element elementor-element-be5493d elementor-section-boxed elementor-section-height-default elementor-section-height-default\" data-id=\"be5493d\" data-element_type=\"section\">\n\t\t\t\t\t\t<div class=\"elementor-container elementor-column-gap-no\">\n\t\t\t\t\t<div class=\"elementor-column elementor-col-100 elementor-top-column elementor-element elementor-element-88eb77d\" data-id=\"88eb77d\" data-element_type=\"column\" data-settings=\"{&quot;background_background&quot;:&quot;slideshow&quot;,&quot;background_slideshow_gallery&quot;:[{&quot;id&quot;:2668,&quot;url&quot;:&quot;https:\\\/\\\/educap.io\\\/wp-content\\\/uploads\\\/2024\\\/01\\\/Group-403.png&quot;}],&quot;background_slideshow_loop&quot;:&quot;yes&quot;,&quot;background_slideshow_slide_duration&quot;:5000,&quot;background_slideshow_slide_transition&quot;:&quot;fade&quot;,&quot;background_slideshow_transition_duration&quot;:500}\">\n\t\t\t<div class=\"elementor-widget-wrap elementor-element-populated\">\n\t\t\t\t\t\t<div class=\"elementor-element elementor-element-f0d3798 elementor-widget__width-initial elementor-widget elementor-widget-heading\" data-id=\"f0d3798\" data-element_type=\"widget\" data-widget_type=\"heading.default\">\n\t\t\t\t<div class=\"elementor-widget-container\">\n\t\t\t\t\t<h2 class=\"elementor-heading-title elementor-size-default\">04<\/h2>\t\t\t\t<\/div>\n\t\t\t\t<\/div>\n\t\t\t\t<div class=\"elementor-element elementor-element-b172e19 elementor-widget elementor-widget-heading\" data-id=\"b172e19\" data-element_type=\"widget\" data-widget_type=\"heading.default\">\n\t\t\t\t<div class=\"elementor-widget-container\">\n\t\t\t\t\t<h2 class=\"elementor-heading-title elementor-size-default\">Solution scolaire  pour les \u00e9l\u00e8ves<\/h2>\t\t\t\t<\/div>\n\t\t\t\t<\/div>\n\t\t\t\t\t<\/div>\n\t\t<\/div>\n\t\t\t\t\t<\/div>\n\t\t<\/section>\n\t\t\t\t<section class=\"elementor-section elementor-top-section elementor-element elementor-element-1fd1ce0 elementor-section-boxed elementor-section-height-default elementor-section-height-default\" data-id=\"1fd1ce0\" data-element_type=\"section\">\n\t\t\t\t\t\t<div class=\"elementor-container elementor-column-gap-no\">\n\t\t\t\t\t<div class=\"elementor-column elementor-col-100 elementor-top-column elementor-element elementor-element-0036035\" data-id=\"0036035\" data-element_type=\"column\" data-settings=\"{&quot;background_background&quot;:&quot;slideshow&quot;,&quot;background_slideshow_gallery&quot;:[{&quot;id&quot;:2667,&quot;url&quot;:&quot;https:\\\/\\\/educap.io\\\/wp-content\\\/uploads\\\/2024\\\/01\\\/Group-402-1.png&quot;}],&quot;background_slideshow_loop&quot;:&quot;yes&quot;,&quot;background_slideshow_slide_duration&quot;:5000,&quot;background_slideshow_slide_transition&quot;:&quot;fade&quot;,&quot;background_slideshow_transition_duration&quot;:500}\">\n\t\t\t<div class=\"elementor-widget-wrap elementor-element-populated\">\n\t\t\t\t\t\t<div class=\"elementor-element elementor-element-6466a0f elementor-widget__width-initial elementor-widget elementor-widget-heading\" data-id=\"6466a0f\" data-element_type=\"widget\" data-widget_type=\"heading.default\">\n\t\t\t\t<div class=\"elementor-widget-container\">\n\t\t\t\t\t<h2 class=\"elementor-heading-title elementor-size-default\">05<\/h2>\t\t\t\t<\/div>\n\t\t\t\t<\/div>\n\t\t\t\t<div class=\"elementor-element elementor-element-3a06e4b elementor-widget elementor-widget-heading\" data-id=\"3a06e4b\" data-element_type=\"widget\" data-widget_type=\"heading.default\">\n\t\t\t\t<div class=\"elementor-widget-container\">\n\t\t\t\t\t<h2 class=\"elementor-heading-title elementor-size-default\">Solution scolaire  pour les parents<\/h2>\t\t\t\t<\/div>\n\t\t\t\t<\/div>\n\t\t\t\t\t<\/div>\n\t\t<\/div>\n\t\t\t\t\t<\/div>\n\t\t<\/section>\n\t\t\t\t<\/div>","protected":false},"excerpt":{"rendered":"<p>Outils scolaires Solution scolaire 01 Solution scolaire compl\u00e8te Dans un monde o\u00f9 l&rsquo;\u00e9ducation est la cl\u00e9 pour d\u00e9verrouiller un avenir plus prometteur, trouver une solution compl\u00e8te devient essentiel. Bienvenue ! Aujourd&rsquo;hui, plongeons dans le domaine de la solution scolaire compl\u00e8te&#8230; 02 Solution scolaire personnalis\u00e9e Dans cet article, nous plongerons dans les profondeurs de cette solution, [&hellip;]<\/p>","protected":false},"author":6,"featured_media":0,"parent":2625,"menu_order":0,"comment_status":"closed","ping_status":"closed","template":"elementor_header_footer","meta":{"footnotes":""},"class_list":["post-2766","page","type-page","status-publish","hentry"],"yoast_head":"<!-- This site is optimized with the Yoast SEO plugin v24.2 - https:\/\/yoast.com\/wordpress\/plugins\/seo\/ -->\n<title>Solution scolaire<\/title>\n<meta name=\"description\" content=\"Explorez la puissance de la Solution Scolaire avec Educap pour am\u00e9liorer l&#039;\u00e9ducation et la gestion de l&#039;\u00e9tablissement.\" \/>\n<meta name=\"robots\" content=\"index, follow, max-snippet:-1, max-image-preview:large, max-video-preview:-1\" \/>\n<link rel=\"canonical\" href=\"https:\/\/educap.io\/en\/outils-scolaires\/solution-scolaire-2\/\" \/>\n<meta property=\"og:locale\" content=\"en_US\" \/>\n<meta property=\"og:type\" content=\"article\" \/>\n<meta property=\"og:title\" content=\"Solution scolaire\" \/>\n<meta property=\"og:description\" content=\"Explorez la puissance de la Solution Scolaire avec Educap pour am\u00e9liorer l&#039;\u00e9ducation et la gestion de l&#039;\u00e9tablissement.\" \/>\n<meta property=\"og:url\" content=\"https:\/\/educap.io\/en\/outils-scolaires\/solution-scolaire-2\/\" \/>\n<meta property=\"og:site_name\" content=\"Educap\" \/>\n<meta property=\"article:publisher\" content=\"https:\/\/www.facebook.com\/educap.io\" \/>\n<meta property=\"article:modified_time\" content=\"2024-04-12T11:24:18+00:00\" \/>\n<meta property=\"og:image\" content=\"https:\/\/educap.io\/wp-content\/uploads\/2024\/01\/Vector-5-1.png\" \/>\n<meta name=\"twitter:card\" content=\"summary_large_image\" \/>\n<meta name=\"twitter:label1\" content=\"Est. reading time\" \/>\n\t<meta name=\"twitter:data1\" content=\"1 minute\" \/>\n<script type=\"application\/ld+json\" class=\"yoast-schema-graph\">{\"@context\":\"https:\/\/schema.org\",\"@graph\":[{\"@type\":\"WebPage\",\"@id\":\"https:\/\/educap.io\/outils-scolaires\/solution-scolaire-2\/\",\"url\":\"https:\/\/educap.io\/outils-scolaires\/solution-scolaire-2\/\",\"name\":\"Solution scolaire\",\"isPartOf\":{\"@id\":\"https:\/\/educap.io\/#website\"},\"primaryImageOfPage\":{\"@id\":\"https:\/\/educap.io\/outils-scolaires\/solution-scolaire-2\/#primaryimage\"},\"image\":{\"@id\":\"https:\/\/educap.io\/outils-scolaires\/solution-scolaire-2\/#primaryimage\"},\"thumbnailUrl\":\"https:\/\/educap.io\/wp-content\/uploads\/2024\/01\/Vector-5-1.png\",\"datePublished\":\"2024-01-30T10:38:38+00:00\",\"dateModified\":\"2024-04-12T11:24:18+00:00\",\"description\":\"Explorez la puissance de la Solution Scolaire avec Educap pour am\u00e9liorer l'\u00e9ducation et la gestion de l'\u00e9tablissement.\",\"breadcrumb\":{\"@id\":\"https:\/\/educap.io\/outils-scolaires\/solution-scolaire-2\/#breadcrumb\"},\"inLanguage\":\"en-US\",\"potentialAction\":[{\"@type\":\"ReadAction\",\"target\":[\"https:\/\/educap.io\/outils-scolaires\/solution-scolaire-2\/\"]}]},{\"@type\":\"ImageObject\",\"inLanguage\":\"en-US\",\"@id\":\"https:\/\/educap.io\/outils-scolaires\/solution-scolaire-2\/#primaryimage\",\"url\":\"https:\/\/educap.io\/wp-content\/uploads\/2024\/01\/Vector-5-1.png\",\"contentUrl\":\"https:\/\/educap.io\/wp-content\/uploads\/2024\/01\/Vector-5-1.png\"},{\"@type\":\"BreadcrumbList\",\"@id\":\"https:\/\/educap.io\/outils-scolaires\/solution-scolaire-2\/#breadcrumb\",\"itemListElement\":[{\"@type\":\"ListItem\",\"position\":1,\"name\":\"Accueil\",\"item\":\"https:\/\/educap.io\/fr_fr\/\"},{\"@type\":\"ListItem\",\"position\":2,\"name\":\"Outils scolaires\",\"item\":\"https:\/\/educap.io\/outils-scolaires\/\"},{\"@type\":\"ListItem\",\"position\":3,\"name\":\"Solution scolaire\"}]},{\"@type\":\"WebSite\",\"@id\":\"https:\/\/educap.io\/#website\",\"url\":\"https:\/\/educap.io\/\",\"name\":\"Educap\",\"description\":\"\",\"potentialAction\":[{\"@type\":\"SearchAction\",\"target\":{\"@type\":\"EntryPoint\",\"urlTemplate\":\"https:\/\/educap.io\/?s={search_term_string}\"},\"query-input\":{\"@type\":\"PropertyValueSpecification\",\"valueRequired\":true,\"valueName\":\"search_term_string\"}}],\"inLanguage\":\"en-US\"}]}<\/script>\n<!-- \/ Yoast SEO plugin. -->","yoast_head_json":{"title":"Solution scolaire","description":"Explorez la puissance de la Solution Scolaire avec Educap pour am\u00e9liorer l'\u00e9ducation et la gestion de l'\u00e9tablissement.","robots":{"index":"index","follow":"follow","max-snippet":"max-snippet:-1","max-image-preview":"max-image-preview:large","max-video-preview":"max-video-preview:-1"},"canonical":"https:\/\/educap.io\/en\/outils-scolaires\/solution-scolaire-2\/","og_locale":"en_US","og_type":"article","og_title":"Solution scolaire","og_description":"Explorez la puissance de la Solution Scolaire avec Educap pour am\u00e9liorer l'\u00e9ducation et la gestion de l'\u00e9tablissement.","og_url":"https:\/\/educap.io\/en\/outils-scolaires\/solution-scolaire-2\/","og_site_name":"Educap","article_publisher":"https:\/\/www.facebook.com\/educap.io","article_modified_time":"2024-04-12T11:24:18+00:00","og_image":[{"url":"https:\/\/educap.io\/wp-content\/uploads\/2024\/01\/Vector-5-1.png","type":"","width":"","height":""}],"twitter_card":"summary_large_image","twitter_misc":{"Est. reading time":"1 minute"},"schema":{"@context":"https:\/\/schema.org","@graph":[{"@type":"WebPage","@id":"https:\/\/educap.io\/outils-scolaires\/solution-scolaire-2\/","url":"https:\/\/educap.io\/outils-scolaires\/solution-scolaire-2\/","name":"Solution scolaire","isPartOf":{"@id":"https:\/\/educap.io\/#website"},"primaryImageOfPage":{"@id":"https:\/\/educap.io\/outils-scolaires\/solution-scolaire-2\/#primaryimage"},"image":{"@id":"https:\/\/educap.io\/outils-scolaires\/solution-scolaire-2\/#primaryimage"},"thumbnailUrl":"https:\/\/educap.io\/wp-content\/uploads\/2024\/01\/Vector-5-1.png","datePublished":"2024-01-30T10:38:38+00:00","dateModified":"2024-04-12T11:24:18+00:00","description":"Explorez la puissance de la Solution Scolaire avec Educap pour am\u00e9liorer l'\u00e9ducation et la gestion de l'\u00e9tablissement.","breadcrumb":{"@id":"https:\/\/educap.io\/outils-scolaires\/solution-scolaire-2\/#breadcrumb"},"inLanguage":"en-US","potentialAction":[{"@type":"ReadAction","target":["https:\/\/educap.io\/outils-scolaires\/solution-scolaire-2\/"]}]},{"@type":"ImageObject","inLanguage":"en-US","@id":"https:\/\/educap.io\/outils-scolaires\/solution-scolaire-2\/#primaryimage","url":"https:\/\/educap.io\/wp-content\/uploads\/2024\/01\/Vector-5-1.png","contentUrl":"https:\/\/educap.io\/wp-content\/uploads\/2024\/01\/Vector-5-1.png"},{"@type":"BreadcrumbList","@id":"https:\/\/educap.io\/outils-scolaires\/solution-scolaire-2\/#breadcrumb","itemListElement":[{"@type":"ListItem","position":1,"name":"Accueil","item":"https:\/\/educap.io\/fr_fr\/"},{"@type":"ListItem","position":2,"name":"Outils scolaires","item":"https:\/\/educap.io\/outils-scolaires\/"},{"@type":"ListItem","position":3,"name":"Solution scolaire"}]},{"@type":"WebSite","@id":"https:\/\/educap.io\/#website","url":"https:\/\/educap.io\/","name":"Educap","description":"","potentialAction":[{"@type":"SearchAction","target":{"@type":"EntryPoint","urlTemplate":"https:\/\/educap.io\/?s={search_term_string}"},"query-input":{"@type":"PropertyValueSpecification","valueRequired":true,"valueName":"search_term_string"}}],"inLanguage":"en-US"}]}},"_links":{"self":[{"href":"https:\/\/educap.io\/en\/wp-json\/wp\/v2\/pages\/2766","targetHints":{"allow":["GET"]}}],"collection":[{"href":"https:\/\/educap.io\/en\/wp-json\/wp\/v2\/pages"}],"about":[{"href":"https:\/\/educap.io\/en\/wp-json\/wp\/v2\/types\/page"}],"author":[{"embeddable":true,"href":"https:\/\/educap.io\/en\/wp-json\/wp\/v2\/users\/6"}],"replies":[{"embeddable":true,"href":"https:\/\/educap.io\/en\/wp-json\/wp\/v2\/comments?post=2766"}],"version-history":[{"count":16,"href":"https:\/\/educap.io\/en\/wp-json\/wp\/v2\/pages\/2766\/revisions"}],"predecessor-version":[{"id":3442,"href":"https:\/\/educap.io\/en\/wp-json\/wp\/v2\/pages\/2766\/revisions\/3442"}],"up":[{"embeddable":true,"href":"https:\/\/educap.io\/en\/wp-json\/wp\/v2\/pages\/2625"}],"wp:attachment":[{"href":"https:\/\/educap.io\/en\/wp-json\/wp\/v2\/media?parent=2766"}],"curies":[{"name":"wp","href":"https:\/\/api.w.org\/{rel}","templated":true}]}}