{"id":2748,"date":"2024-01-30T10:30:07","date_gmt":"2024-01-30T10:30:07","guid":{"rendered":"https:\/\/educap.io\/?page_id=2748"},"modified":"2024-08-12T16:54:50","modified_gmt":"2024-08-12T16:54:50","slug":"cantine-scolaire","status":"publish","type":"page","link":"https:\/\/educap.io\/en\/outils-scolaires\/cantine-scolaire\/","title":{"rendered":"Cantine scolaire"},"content":{"rendered":"<div data-elementor-type=\"wp-page\" data-elementor-id=\"2748\" class=\"elementor elementor-2748\" data-elementor-post-type=\"page\">\n\t\t\t\t\t\t<section class=\"elementor-section elementor-top-section elementor-element elementor-element-e8fc626 elementor-section-boxed elementor-section-height-default elementor-section-height-default\" data-id=\"e8fc626\" data-element_type=\"section\" data-settings=\"{&quot;background_background&quot;:&quot;gradient&quot;}\">\n\t\t\t\t\t\t<div class=\"elementor-container elementor-column-gap-default\">\n\t\t\t\t\t<div class=\"elementor-column elementor-col-100 elementor-top-column elementor-element elementor-element-4e19512\" data-id=\"4e19512\" data-element_type=\"column\">\n\t\t\t<div class=\"elementor-widget-wrap elementor-element-populated\">\n\t\t\t\t\t\t<div class=\"elementor-element elementor-element-ab13221 elementor-widget elementor-widget-heading\" data-id=\"ab13221\" data-element_type=\"widget\" data-widget_type=\"heading.default\">\n\t\t\t\t<div class=\"elementor-widget-container\">\n\t\t\t\t\t<h1 class=\"elementor-heading-title elementor-size-default\">Outils scolaires<\/h1>\t\t\t\t<\/div>\n\t\t\t\t<\/div>\n\t\t\t\t\t<\/div>\n\t\t<\/div>\n\t\t\t\t\t<\/div>\n\t\t<\/section>\n\t\t\t\t<section class=\"elementor-section elementor-top-section elementor-element elementor-element-6211c66 elementor-section-boxed elementor-section-height-default elementor-section-height-default\" data-id=\"6211c66\" data-element_type=\"section\">\n\t\t\t\t\t\t<div class=\"elementor-container elementor-column-gap-default\">\n\t\t\t\t\t<div class=\"elementor-column elementor-col-100 elementor-top-column elementor-element elementor-element-be4dda2\" data-id=\"be4dda2\" data-element_type=\"column\">\n\t\t\t<div class=\"elementor-widget-wrap elementor-element-populated\">\n\t\t\t\t\t\t<div class=\"elementor-element elementor-element-4061093 elementor-widget elementor-widget-spacer\" data-id=\"4061093\" data-element_type=\"widget\" data-widget_type=\"spacer.default\">\n\t\t\t\t<div class=\"elementor-widget-container\">\n\t\t\t\t\t\t\t<div class=\"elementor-spacer\">\n\t\t\t<div class=\"elementor-spacer-inner\"><\/div>\n\t\t<\/div>\n\t\t\t\t\t\t<\/div>\n\t\t\t\t<\/div>\n\t\t\t\t\t<\/div>\n\t\t<\/div>\n\t\t\t\t\t<\/div>\n\t\t<\/section>\n\t\t\t\t<section class=\"elementor-section elementor-top-section elementor-element elementor-element-6091c44 elementor-section-boxed elementor-section-height-default elementor-section-height-default\" data-id=\"6091c44\" data-element_type=\"section\">\n\t\t\t\t\t\t<div class=\"elementor-container elementor-column-gap-default\">\n\t\t\t\t\t<div class=\"elementor-column elementor-col-33 elementor-top-column elementor-element elementor-element-26917cd\" data-id=\"26917cd\" data-element_type=\"column\">\n\t\t\t<div class=\"elementor-widget-wrap elementor-element-populated\">\n\t\t\t\t\t\t<div class=\"elementor-element elementor-element-ea60db5 elementor-widget__width-initial elementor-widget elementor-widget-image\" data-id=\"ea60db5\" data-element_type=\"widget\" data-widget_type=\"image.default\">\n\t\t\t\t<div class=\"elementor-widget-container\">\n\t\t\t\t\t\t\t\t\t\t\t\t\t\t\t<img decoding=\"async\" width=\"159\" height=\"143\" src=\"https:\/\/educap.io\/wp-content\/uploads\/2024\/01\/Vector-5-1.png\" class=\"attachment-large size-large wp-image-2656\" alt=\"\" \/>\t\t\t\t\t\t\t\t\t\t\t\t\t\t\t<\/div>\n\t\t\t\t<\/div>\n\t\t\t\t\t<\/div>\n\t\t<\/div>\n\t\t\t\t<div class=\"elementor-column elementor-col-33 elementor-top-column elementor-element elementor-element-57123b3\" data-id=\"57123b3\" data-element_type=\"column\">\n\t\t\t<div class=\"elementor-widget-wrap elementor-element-populated\">\n\t\t\t\t\t\t<div class=\"elementor-element elementor-element-05e3737 elementor-widget elementor-widget-spacer\" data-id=\"05e3737\" data-element_type=\"widget\" data-widget_type=\"spacer.default\">\n\t\t\t\t<div class=\"elementor-widget-container\">\n\t\t\t\t\t\t\t<div class=\"elementor-spacer\">\n\t\t\t<div class=\"elementor-spacer-inner\"><\/div>\n\t\t<\/div>\n\t\t\t\t\t\t<\/div>\n\t\t\t\t<\/div>\n\t\t\t\t<div class=\"elementor-element elementor-element-bfb1f7d elementor-widget elementor-widget-heading\" data-id=\"bfb1f7d\" data-element_type=\"widget\" data-widget_type=\"heading.default\">\n\t\t\t\t<div class=\"elementor-widget-container\">\n\t\t\t\t\t<h2 class=\"elementor-heading-title elementor-size-default\">Cantine scolaire<\/h2>\t\t\t\t<\/div>\n\t\t\t\t<\/div>\n\t\t\t\t\t<\/div>\n\t\t<\/div>\n\t\t\t\t<div class=\"elementor-column elementor-col-33 elementor-top-column elementor-element elementor-element-1ea1574\" data-id=\"1ea1574\" data-element_type=\"column\">\n\t\t\t<div class=\"elementor-widget-wrap elementor-element-populated\">\n\t\t\t\t\t\t<div class=\"elementor-element elementor-element-4dacc5d elementor-widget elementor-widget-image\" data-id=\"4dacc5d\" data-element_type=\"widget\" data-widget_type=\"image.default\">\n\t\t\t\t<div class=\"elementor-widget-container\">\n\t\t\t\t\t\t\t\t\t\t\t\t\t\t\t<img decoding=\"async\" width=\"174\" height=\"172\" src=\"https:\/\/educap.io\/wp-content\/uploads\/2024\/01\/portrait-schoolgirl-memphis-background_1-removebg-preview-1-3.png\" class=\"attachment-large size-large wp-image-2660\" alt=\"\" \/>\t\t\t\t\t\t\t\t\t\t\t\t\t\t\t<\/div>\n\t\t\t\t<\/div>\n\t\t\t\t\t<\/div>\n\t\t<\/div>\n\t\t\t\t\t<\/div>\n\t\t<\/section>\n\t\t\t\t<section class=\"elementor-section elementor-top-section elementor-element elementor-element-abc405b elementor-section-boxed elementor-section-height-default elementor-section-height-default\" data-id=\"abc405b\" data-element_type=\"section\">\n\t\t\t\t\t\t<div class=\"elementor-container elementor-column-gap-no\">\n\t\t\t\t\t<div data-tp-sc-link=\"https:\/\/educap.io\/outils-scolaires\/cantine-scolaire\/comment-sinscrire-a-la-cantine-scolaire\/\" data-tp-sc-link-external=\"\" style=\"cursor: pointer\" class=\"elementor-column elementor-col-100 elementor-top-column elementor-element elementor-element-bdc034a\" data-id=\"bdc034a\" data-element_type=\"column\" data-settings=\"{&quot;background_background&quot;:&quot;slideshow&quot;,&quot;background_slideshow_gallery&quot;:[{&quot;id&quot;:2667,&quot;url&quot;:&quot;https:\\\/\\\/educap.io\\\/wp-content\\\/uploads\\\/2024\\\/01\\\/Group-402-1.png&quot;}],&quot;background_slideshow_loop&quot;:&quot;yes&quot;,&quot;background_slideshow_slide_duration&quot;:5000,&quot;background_slideshow_slide_transition&quot;:&quot;fade&quot;,&quot;background_slideshow_transition_duration&quot;:500}\">\n\t\t\t<div class=\"elementor-widget-wrap elementor-element-populated\">\n\t\t\t\t\t\t<div class=\"elementor-element elementor-element-c1c3e3a elementor-widget__width-initial elementor-widget elementor-widget-heading\" data-id=\"c1c3e3a\" data-element_type=\"widget\" data-widget_type=\"heading.default\">\n\t\t\t\t<div class=\"elementor-widget-container\">\n\t\t\t\t\t<h2 class=\"elementor-heading-title elementor-size-default\">01<\/h2>\t\t\t\t<\/div>\n\t\t\t\t<\/div>\n\t\t\t\t<div class=\"elementor-element elementor-element-024142f elementor-widget elementor-widget-heading\" data-id=\"024142f\" data-element_type=\"widget\" data-widget_type=\"heading.default\">\n\t\t\t\t<div class=\"elementor-widget-container\">\n\t\t\t\t\t<h2 class=\"elementor-heading-title elementor-size-default\">Comment s'inscrire \u00e0 la cantine scolaire ?<\/h2>\t\t\t\t<\/div>\n\t\t\t\t<\/div>\n\t\t\t\t<div class=\"elementor-element elementor-element-d15fbe2 elementor-widget__width-initial elementor-widget elementor-widget-heading\" data-id=\"d15fbe2\" data-element_type=\"widget\" data-widget_type=\"heading.default\">\n\t\t\t\t<div class=\"elementor-widget-container\">\n\t\t\t\t\t<h2 class=\"elementor-heading-title elementor-size-default\">Bienvenue dans notre guide complet sur la fa\u00e7on de s'inscrire \u00e0 la cantine scolaire ! Si vous \u00eates parent ou \u00e9tudiant curieux, vous \u00eates au bon endroit. Nous allons explorer ensemble le processus d'inscription...<\/h2>\t\t\t\t<\/div>\n\t\t\t\t<\/div>\n\t\t\t\t\t<\/div>\n\t\t<\/div>\n\t\t\t\t\t<\/div>\n\t\t<\/section>\n\t\t\t\t<section class=\"elementor-section elementor-top-section elementor-element elementor-element-b69c0ed elementor-section-boxed elementor-section-height-default elementor-section-height-default\" data-id=\"b69c0ed\" data-element_type=\"section\">\n\t\t\t\t\t\t<div class=\"elementor-container elementor-column-gap-no\">\n\t\t\t\t\t<div data-tp-sc-link=\"https:\/\/educap.io\/outils-scolaires\/cantine-scolaire\/comment-payer-la-cantine-scolaire\/\" data-tp-sc-link-external=\"\" style=\"cursor: pointer\" class=\"elementor-column elementor-col-100 elementor-top-column elementor-element elementor-element-217dc38\" data-id=\"217dc38\" data-element_type=\"column\" data-settings=\"{&quot;background_background&quot;:&quot;slideshow&quot;,&quot;background_slideshow_gallery&quot;:[{&quot;id&quot;:2668,&quot;url&quot;:&quot;https:\\\/\\\/educap.io\\\/wp-content\\\/uploads\\\/2024\\\/01\\\/Group-403.png&quot;}],&quot;background_slideshow_loop&quot;:&quot;yes&quot;,&quot;background_slideshow_slide_duration&quot;:5000,&quot;background_slideshow_slide_transition&quot;:&quot;fade&quot;,&quot;background_slideshow_transition_duration&quot;:500}\">\n\t\t\t<div class=\"elementor-widget-wrap elementor-element-populated\">\n\t\t\t\t\t\t<div class=\"elementor-element elementor-element-176ca30 elementor-widget__width-initial elementor-widget elementor-widget-heading\" data-id=\"176ca30\" data-element_type=\"widget\" data-widget_type=\"heading.default\">\n\t\t\t\t<div class=\"elementor-widget-container\">\n\t\t\t\t\t<h2 class=\"elementor-heading-title elementor-size-default\">02<\/h2>\t\t\t\t<\/div>\n\t\t\t\t<\/div>\n\t\t\t\t<div class=\"elementor-element elementor-element-5fca66d elementor-widget elementor-widget-heading\" data-id=\"5fca66d\" data-element_type=\"widget\" data-widget_type=\"heading.default\">\n\t\t\t\t<div class=\"elementor-widget-container\">\n\t\t\t\t\t<h2 class=\"elementor-heading-title elementor-size-default\">Comment payer la cantine scolaire ?<\/h2>\t\t\t\t<\/div>\n\t\t\t\t<\/div>\n\t\t\t\t<div class=\"elementor-element elementor-element-56cef03 elementor-widget__width-initial elementor-widget elementor-widget-heading\" data-id=\"56cef03\" data-element_type=\"widget\" data-widget_type=\"heading.default\">\n\t\t\t\t<div class=\"elementor-widget-container\">\n\t\t\t\t\t<h2 class=\"elementor-heading-title elementor-size-default\"><span>Le paiement de la cantine scolaire est une \u00e9tape importante pour assurer que les \u00e9l\u00e8ves b\u00e9n\u00e9ficient de repas nutritifs et \u00e9quilibr\u00e9s \u00e0 l\u2019\u00e9cole. Cet article explore les diff\u00e9rentes m\u00e9thodes de paiement disponibles...<\/span><\/h2>\t\t\t\t<\/div>\n\t\t\t\t<\/div>\n\t\t\t\t\t<\/div>\n\t\t<\/div>\n\t\t\t\t\t<\/div>\n\t\t<\/section>\n\t\t\t\t<section class=\"elementor-section elementor-top-section elementor-element elementor-element-3fa71df elementor-section-boxed elementor-section-height-default elementor-section-height-default\" data-id=\"3fa71df\" data-element_type=\"section\">\n\t\t\t\t\t\t<div class=\"elementor-container elementor-column-gap-no\">\n\t\t\t\t\t<div data-tp-sc-link=\"https:\/\/educap.io\/outils-scolaires\/cantine-scolaire\/que-mange-t-on-a-la-cantine-scolaire\/\" data-tp-sc-link-external=\"\" style=\"cursor: pointer\" class=\"elementor-column elementor-col-100 elementor-top-column elementor-element elementor-element-3dc249f\" data-id=\"3dc249f\" data-element_type=\"column\" data-settings=\"{&quot;background_background&quot;:&quot;slideshow&quot;,&quot;background_slideshow_gallery&quot;:[{&quot;id&quot;:2667,&quot;url&quot;:&quot;https:\\\/\\\/educap.io\\\/wp-content\\\/uploads\\\/2024\\\/01\\\/Group-402-1.png&quot;}],&quot;background_slideshow_loop&quot;:&quot;yes&quot;,&quot;background_slideshow_slide_duration&quot;:5000,&quot;background_slideshow_slide_transition&quot;:&quot;fade&quot;,&quot;background_slideshow_transition_duration&quot;:500}\">\n\t\t\t<div class=\"elementor-widget-wrap elementor-element-populated\">\n\t\t\t\t\t\t<div class=\"elementor-element elementor-element-08797e1 elementor-widget__width-initial elementor-widget elementor-widget-heading\" data-id=\"08797e1\" data-element_type=\"widget\" data-widget_type=\"heading.default\">\n\t\t\t\t<div class=\"elementor-widget-container\">\n\t\t\t\t\t<h2 class=\"elementor-heading-title elementor-size-default\">03<\/h2>\t\t\t\t<\/div>\n\t\t\t\t<\/div>\n\t\t\t\t<div class=\"elementor-element elementor-element-2c4c123 elementor-widget elementor-widget-heading\" data-id=\"2c4c123\" data-element_type=\"widget\" data-widget_type=\"heading.default\">\n\t\t\t\t<div class=\"elementor-widget-container\">\n\t\t\t\t\t<h2 class=\"elementor-heading-title elementor-size-default\">Que mange-t-on \u00e0 la cantine scolaire ?<\/h2>\t\t\t\t<\/div>\n\t\t\t\t<\/div>\n\t\t\t\t<div class=\"elementor-element elementor-element-c67be5c elementor-widget__width-initial elementor-widget elementor-widget-heading\" data-id=\"c67be5c\" data-element_type=\"widget\" data-widget_type=\"heading.default\">\n\t\t\t\t<div class=\"elementor-widget-container\">\n\t\t\t\t\t<h2 class=\"elementor-heading-title elementor-size-default\"><span>\u00c0 l\u2019heure o\u00f9 l\u2019alimentation des enfants est au c\u0153ur des pr\u00e9occupations, la cantine scolaire joue un r\u00f4le crucial. D\u00e9couvrez ce que mangent r\u00e9ellement les enfants \u00e0 la cantine...<\/span><\/h2>\t\t\t\t<\/div>\n\t\t\t\t<\/div>\n\t\t\t\t\t<\/div>\n\t\t<\/div>\n\t\t\t\t\t<\/div>\n\t\t<\/section>\n\t\t\t\t<section class=\"elementor-section elementor-top-section elementor-element elementor-element-3c542e8 elementor-section-boxed elementor-section-height-default elementor-section-height-default\" data-id=\"3c542e8\" data-element_type=\"section\">\n\t\t\t\t\t\t<div class=\"elementor-container elementor-column-gap-no\">\n\t\t\t\t\t<div data-tp-sc-link=\"https:\/\/educap.io\/outils-scolaires\/cantine-scolaire\/les-avantages-de-la-cantine-scolaire\/\" data-tp-sc-link-external=\"\" style=\"cursor: pointer\" class=\"elementor-column elementor-col-100 elementor-top-column elementor-element elementor-element-82f9154\" data-id=\"82f9154\" data-element_type=\"column\" data-settings=\"{&quot;background_background&quot;:&quot;slideshow&quot;,&quot;background_slideshow_gallery&quot;:[{&quot;id&quot;:2668,&quot;url&quot;:&quot;https:\\\/\\\/educap.io\\\/wp-content\\\/uploads\\\/2024\\\/01\\\/Group-403.png&quot;}],&quot;background_slideshow_loop&quot;:&quot;yes&quot;,&quot;background_slideshow_slide_duration&quot;:5000,&quot;background_slideshow_slide_transition&quot;:&quot;fade&quot;,&quot;background_slideshow_transition_duration&quot;:500}\">\n\t\t\t<div class=\"elementor-widget-wrap elementor-element-populated\">\n\t\t\t\t\t\t<div class=\"elementor-element elementor-element-c14716f elementor-widget__width-initial elementor-widget elementor-widget-heading\" data-id=\"c14716f\" data-element_type=\"widget\" data-widget_type=\"heading.default\">\n\t\t\t\t<div class=\"elementor-widget-container\">\n\t\t\t\t\t<h2 class=\"elementor-heading-title elementor-size-default\">04<\/h2>\t\t\t\t<\/div>\n\t\t\t\t<\/div>\n\t\t\t\t<div class=\"elementor-element elementor-element-e17fcd4 elementor-widget elementor-widget-heading\" data-id=\"e17fcd4\" data-element_type=\"widget\" data-widget_type=\"heading.default\">\n\t\t\t\t<div class=\"elementor-widget-container\">\n\t\t\t\t\t<h2 class=\"elementor-heading-title elementor-size-default\">Les avantages de la cantine scolaire<\/h2>\t\t\t\t<\/div>\n\t\t\t\t<\/div>\n\t\t\t\t<div class=\"elementor-element elementor-element-58ec48f elementor-widget__width-initial elementor-widget elementor-widget-heading\" data-id=\"58ec48f\" data-element_type=\"widget\" data-widget_type=\"heading.default\">\n\t\t\t\t<div class=\"elementor-widget-container\">\n\t\t\t\t\t<h2 class=\"elementor-heading-title elementor-size-default\"><span>La cantine scolaire joue un r\u00f4le crucial dans la vie quotidienne des \u00e9l\u00e8ves. Bien plus qu\u2019un simple lieu de repas, elle est un v\u00e9ritable centre de d\u00e9veloppement social et nutritionnel...<\/span><\/h2>\t\t\t\t<\/div>\n\t\t\t\t<\/div>\n\t\t\t\t\t<\/div>\n\t\t<\/div>\n\t\t\t\t\t<\/div>\n\t\t<\/section>\n\t\t\t\t<\/div>","protected":false},"excerpt":{"rendered":"<p>Outils scolaires Cantine scolaire 01 Comment s&rsquo;inscrire \u00e0 la cantine scolaire ? Bienvenue dans notre guide complet sur la fa\u00e7on de s&rsquo;inscrire \u00e0 la cantine scolaire ! Si vous \u00eates parent ou \u00e9tudiant curieux, vous \u00eates au bon endroit. Nous allons explorer ensemble le processus d&rsquo;inscription&#8230; 02 Comment payer la cantine scolaire ? Le paiement [&hellip;]<\/p>","protected":false},"author":6,"featured_media":0,"parent":2625,"menu_order":0,"comment_status":"closed","ping_status":"closed","template":"elementor_header_footer","meta":{"footnotes":""},"class_list":["post-2748","page","type-page","status-publish","hentry"],"yoast_head":"<!-- This site is optimized with the Yoast SEO plugin v24.2 - https:\/\/yoast.com\/wordpress\/plugins\/seo\/ -->\n<title>Cantine scolaire<\/title>\n<meta name=\"robots\" content=\"index, follow, max-snippet:-1, max-image-preview:large, max-video-preview:-1\" \/>\n<link rel=\"canonical\" href=\"https:\/\/educap.io\/en\/outils-scolaires\/cantine-scolaire\/\" \/>\n<meta property=\"og:locale\" content=\"en_US\" \/>\n<meta property=\"og:type\" content=\"article\" \/>\n<meta property=\"og:title\" content=\"Cantine scolaire\" \/>\n<meta property=\"og:description\" content=\"Outils scolaires Cantine scolaire 01 Comment s&rsquo;inscrire \u00e0 la cantine scolaire ? Bienvenue dans notre guide complet sur la fa\u00e7on de s&rsquo;inscrire \u00e0 la cantine scolaire ! Si vous \u00eates parent ou \u00e9tudiant curieux, vous \u00eates au bon endroit. Nous allons explorer ensemble le processus d&rsquo;inscription&#8230; 02 Comment payer la cantine scolaire ? Le paiement [&hellip;]\" \/>\n<meta property=\"og:url\" content=\"https:\/\/educap.io\/en\/outils-scolaires\/cantine-scolaire\/\" \/>\n<meta property=\"og:site_name\" content=\"Educap\" \/>\n<meta property=\"article:publisher\" content=\"https:\/\/www.facebook.com\/educap.io\" \/>\n<meta property=\"article:modified_time\" content=\"2024-08-12T16:54:50+00:00\" \/>\n<meta property=\"og:image\" content=\"https:\/\/educap.io\/wp-content\/uploads\/2024\/01\/Vector-5-1.png\" \/>\n<meta name=\"twitter:card\" content=\"summary_large_image\" \/>\n<meta name=\"twitter:label1\" content=\"Est. reading time\" \/>\n\t<meta name=\"twitter:data1\" content=\"2 minutes\" \/>\n<script type=\"application\/ld+json\" class=\"yoast-schema-graph\">{\"@context\":\"https:\/\/schema.org\",\"@graph\":[{\"@type\":\"WebPage\",\"@id\":\"https:\/\/educap.io\/outils-scolaires\/cantine-scolaire\/\",\"url\":\"https:\/\/educap.io\/outils-scolaires\/cantine-scolaire\/\",\"name\":\"Cantine scolaire\",\"isPartOf\":{\"@id\":\"https:\/\/educap.io\/#website\"},\"primaryImageOfPage\":{\"@id\":\"https:\/\/educap.io\/outils-scolaires\/cantine-scolaire\/#primaryimage\"},\"image\":{\"@id\":\"https:\/\/educap.io\/outils-scolaires\/cantine-scolaire\/#primaryimage\"},\"thumbnailUrl\":\"https:\/\/educap.io\/wp-content\/uploads\/2024\/01\/Vector-5-1.png\",\"datePublished\":\"2024-01-30T10:30:07+00:00\",\"dateModified\":\"2024-08-12T16:54:50+00:00\",\"breadcrumb\":{\"@id\":\"https:\/\/educap.io\/outils-scolaires\/cantine-scolaire\/#breadcrumb\"},\"inLanguage\":\"en-US\",\"potentialAction\":[{\"@type\":\"ReadAction\",\"target\":[\"https:\/\/educap.io\/outils-scolaires\/cantine-scolaire\/\"]}]},{\"@type\":\"ImageObject\",\"inLanguage\":\"en-US\",\"@id\":\"https:\/\/educap.io\/outils-scolaires\/cantine-scolaire\/#primaryimage\",\"url\":\"https:\/\/educap.io\/wp-content\/uploads\/2024\/01\/Vector-5-1.png\",\"contentUrl\":\"https:\/\/educap.io\/wp-content\/uploads\/2024\/01\/Vector-5-1.png\"},{\"@type\":\"BreadcrumbList\",\"@id\":\"https:\/\/educap.io\/outils-scolaires\/cantine-scolaire\/#breadcrumb\",\"itemListElement\":[{\"@type\":\"ListItem\",\"position\":1,\"name\":\"Accueil\",\"item\":\"https:\/\/educap.io\/fr_fr\/\"},{\"@type\":\"ListItem\",\"position\":2,\"name\":\"Outils scolaires\",\"item\":\"https:\/\/educap.io\/outils-scolaires\/\"},{\"@type\":\"ListItem\",\"position\":3,\"name\":\"Cantine scolaire\"}]},{\"@type\":\"WebSite\",\"@id\":\"https:\/\/educap.io\/#website\",\"url\":\"https:\/\/educap.io\/\",\"name\":\"Educap\",\"description\":\"\",\"potentialAction\":[{\"@type\":\"SearchAction\",\"target\":{\"@type\":\"EntryPoint\",\"urlTemplate\":\"https:\/\/educap.io\/?s={search_term_string}\"},\"query-input\":{\"@type\":\"PropertyValueSpecification\",\"valueRequired\":true,\"valueName\":\"search_term_string\"}}],\"inLanguage\":\"en-US\"}]}<\/script>\n<!-- \/ Yoast SEO plugin. -->","yoast_head_json":{"title":"Cantine scolaire","robots":{"index":"index","follow":"follow","max-snippet":"max-snippet:-1","max-image-preview":"max-image-preview:large","max-video-preview":"max-video-preview:-1"},"canonical":"https:\/\/educap.io\/en\/outils-scolaires\/cantine-scolaire\/","og_locale":"en_US","og_type":"article","og_title":"Cantine scolaire","og_description":"Outils scolaires Cantine scolaire 01 Comment s&rsquo;inscrire \u00e0 la cantine scolaire ? Bienvenue dans notre guide complet sur la fa\u00e7on de s&rsquo;inscrire \u00e0 la cantine scolaire ! Si vous \u00eates parent ou \u00e9tudiant curieux, vous \u00eates au bon endroit. Nous allons explorer ensemble le processus d&rsquo;inscription&#8230; 02 Comment payer la cantine scolaire ? Le paiement [&hellip;]","og_url":"https:\/\/educap.io\/en\/outils-scolaires\/cantine-scolaire\/","og_site_name":"Educap","article_publisher":"https:\/\/www.facebook.com\/educap.io","article_modified_time":"2024-08-12T16:54:50+00:00","og_image":[{"url":"https:\/\/educap.io\/wp-content\/uploads\/2024\/01\/Vector-5-1.png","type":"","width":"","height":""}],"twitter_card":"summary_large_image","twitter_misc":{"Est. reading time":"2 minutes"},"schema":{"@context":"https:\/\/schema.org","@graph":[{"@type":"WebPage","@id":"https:\/\/educap.io\/outils-scolaires\/cantine-scolaire\/","url":"https:\/\/educap.io\/outils-scolaires\/cantine-scolaire\/","name":"Cantine scolaire","isPartOf":{"@id":"https:\/\/educap.io\/#website"},"primaryImageOfPage":{"@id":"https:\/\/educap.io\/outils-scolaires\/cantine-scolaire\/#primaryimage"},"image":{"@id":"https:\/\/educap.io\/outils-scolaires\/cantine-scolaire\/#primaryimage"},"thumbnailUrl":"https:\/\/educap.io\/wp-content\/uploads\/2024\/01\/Vector-5-1.png","datePublished":"2024-01-30T10:30:07+00:00","dateModified":"2024-08-12T16:54:50+00:00","breadcrumb":{"@id":"https:\/\/educap.io\/outils-scolaires\/cantine-scolaire\/#breadcrumb"},"inLanguage":"en-US","potentialAction":[{"@type":"ReadAction","target":["https:\/\/educap.io\/outils-scolaires\/cantine-scolaire\/"]}]},{"@type":"ImageObject","inLanguage":"en-US","@id":"https:\/\/educap.io\/outils-scolaires\/cantine-scolaire\/#primaryimage","url":"https:\/\/educap.io\/wp-content\/uploads\/2024\/01\/Vector-5-1.png","contentUrl":"https:\/\/educap.io\/wp-content\/uploads\/2024\/01\/Vector-5-1.png"},{"@type":"BreadcrumbList","@id":"https:\/\/educap.io\/outils-scolaires\/cantine-scolaire\/#breadcrumb","itemListElement":[{"@type":"ListItem","position":1,"name":"Accueil","item":"https:\/\/educap.io\/fr_fr\/"},{"@type":"ListItem","position":2,"name":"Outils scolaires","item":"https:\/\/educap.io\/outils-scolaires\/"},{"@type":"ListItem","position":3,"name":"Cantine scolaire"}]},{"@type":"WebSite","@id":"https:\/\/educap.io\/#website","url":"https:\/\/educap.io\/","name":"Educap","description":"","potentialAction":[{"@type":"SearchAction","target":{"@type":"EntryPoint","urlTemplate":"https:\/\/educap.io\/?s={search_term_string}"},"query-input":{"@type":"PropertyValueSpecification","valueRequired":true,"valueName":"search_term_string"}}],"inLanguage":"en-US"}]}},"_links":{"self":[{"href":"https:\/\/educap.io\/en\/wp-json\/wp\/v2\/pages\/2748","targetHints":{"allow":["GET"]}}],"collection":[{"href":"https:\/\/educap.io\/en\/wp-json\/wp\/v2\/pages"}],"about":[{"href":"https:\/\/educap.io\/en\/wp-json\/wp\/v2\/types\/page"}],"author":[{"embeddable":true,"href":"https:\/\/educap.io\/en\/wp-json\/wp\/v2\/users\/6"}],"replies":[{"embeddable":true,"href":"https:\/\/educap.io\/en\/wp-json\/wp\/v2\/comments?post=2748"}],"version-history":[{"count":25,"href":"https:\/\/educap.io\/en\/wp-json\/wp\/v2\/pages\/2748\/revisions"}],"predecessor-version":[{"id":4956,"href":"https:\/\/educap.io\/en\/wp-json\/wp\/v2\/pages\/2748\/revisions\/4956"}],"up":[{"embeddable":true,"href":"https:\/\/educap.io\/en\/wp-json\/wp\/v2\/pages\/2625"}],"wp:attachment":[{"href":"https:\/\/educap.io\/en\/wp-json\/wp\/v2\/media?parent=2748"}],"curies":[{"name":"wp","href":"https:\/\/api.w.org\/{rel}","templated":true}]}}